{"id":129,"date":"2023-07-26T10:47:19","date_gmt":"2023-07-26T08:47:19","guid":{"rendered":"https:\/\/cooldura.loeihard.dev\/?post_type=product&#038;p=129"},"modified":"2026-03-31T10:33:48","modified_gmt":"2026-03-31T08:33:48","slug":"display-flessen-koelkast-1000-liter","status":"publish","type":"product","link":"https:\/\/cooldura.com\/de\/product\/display-flessen-koelkast-1000-liter\/","title":{"rendered":"Display-Flaschenk\u00fchlschrank - 949 Liter"},"content":{"rendered":"<p>Mit einem Fassungsverm\u00f6gen von 1000 l eignet sich dieser Vitrinenk\u00fchlschrank perfekt f\u00fcr gastronomische Einrichtungen und Veranstaltungen. Dank seines eingebauten Ventilators garantiert dieser K\u00fchlschrank eine gleichm\u00e4\u00dfige Verteilung der k\u00fchlen Luft und h\u00e4lt alle Getr\u00e4nke jederzeit auf der erforderlichen Temperatur. Bieten Sie Ihren G\u00e4sten ein angenehmes Erlebnis mit diesem modernen und effizienten Flaschenk\u00fchlschrank mit Glast\u00fcr!<\/p>","protected":false},"featured_media":176,"parent":0,"template":"","prod_cat":[15],"class_list":["post-129","product","type-product","status-publish","has-post-thumbnail","hentry","prod_cat-glass-door-refrigerators-coolers"],"yoast_head":"<!-- This site is optimized with the Yoast SEO Premium plugin v20.11 (Yoast SEO v27.3) - https:\/\/yoast.com\/product\/yoast-seo-premium-wordpress\/ -->\n<title>Display bottle cooler - 949L - Cooldura<\/title>\n<meta name=\"description\" content=\"With a capacity of 1000 l, this display fridge is perfect for hospitality facilities and events. Thanks to its built-in ventilator, this refrigerator guarantees an equal spread of cool air and keeps all drinks at the required temperature at all times. Offer your guests a pleasant experience with this modern and efficient bottle fridge with glass door!\" \/>\n<meta name=\"robots\" content=\"index, follow, max-snippet:-1, max-image-preview:large, max-video-preview:-1\" \/>\n<link rel=\"canonical\" href=\"https:\/\/cooldura.com\/de\/product\/display-flessen-koelkast-1000-liter\/\" \/>\n<meta property=\"og:locale\" content=\"de_DE\" \/>\n<meta property=\"og:type\" content=\"article\" \/>\n<meta property=\"og:title\" content=\"Display bottle cooler - 949L\" \/>\n<meta property=\"og:description\" content=\"With a capacity of 1000 l, this display fridge is perfect for hospitality facilities and events. Thanks to its built-in ventilator, this refrigerator guarantees an equal spread of cool air and keeps all drinks at the required temperature at all times. Offer your guests a pleasant experience with this modern and efficient bottle fridge with glass door!\" \/>\n<meta property=\"og:url\" content=\"https:\/\/cooldura.com\/de\/product\/display-flessen-koelkast-1000-liter\/\" \/>\n<meta property=\"og:site_name\" content=\"Cooldura\" \/>\n<meta property=\"article:modified_time\" content=\"2026-03-31T08:33:48+00:00\" \/>\n<meta property=\"og:image\" content=\"https:\/\/cooldura.com\/wp-content\/uploads\/2023\/07\/CDC2D_display_cooler_black_web.jpg\" \/>\n\t<meta property=\"og:image:width\" content=\"1200\" \/>\n\t<meta property=\"og:image:height\" content=\"1200\" \/>\n\t<meta property=\"og:image:type\" content=\"image\/jpeg\" \/>\n<meta name=\"twitter:card\" content=\"summary_large_image\" \/>\n<script type=\"application\/ld+json\" class=\"yoast-schema-graph\">{\"@context\":\"https:\\\/\\\/schema.org\",\"@graph\":[{\"@type\":\"WebPage\",\"@id\":\"https:\\\/\\\/cooldura.com\\\/product\\\/display-flessen-koelkast-1000-liter\\\/\",\"url\":\"https:\\\/\\\/cooldura.com\\\/product\\\/display-flessen-koelkast-1000-liter\\\/\",\"name\":\"Display bottle cooler - 949L - Cooldura\",\"isPartOf\":{\"@id\":\"https:\\\/\\\/cooldura.com\\\/#website\"},\"primaryImageOfPage\":{\"@id\":\"https:\\\/\\\/cooldura.com\\\/product\\\/display-flessen-koelkast-1000-liter\\\/#primaryimage\"},\"image\":{\"@id\":\"https:\\\/\\\/cooldura.com\\\/product\\\/display-flessen-koelkast-1000-liter\\\/#primaryimage\"},\"thumbnailUrl\":\"https:\\\/\\\/cooldura.com\\\/wp-content\\\/uploads\\\/2023\\\/07\\\/CDC2D_display_cooler_black_web.jpg\",\"datePublished\":\"2023-07-26T08:47:19+00:00\",\"dateModified\":\"2026-03-31T08:33:48+00:00\",\"description\":\"With a capacity of 1000 l, this display fridge is perfect for hospitality facilities and events. Thanks to its built-in ventilator, this refrigerator guarantees an equal spread of cool air and keeps all drinks at the required temperature at all times. Offer your guests a pleasant experience with this modern and efficient bottle fridge with glass door!\",\"breadcrumb\":{\"@id\":\"https:\\\/\\\/cooldura.com\\\/product\\\/display-flessen-koelkast-1000-liter\\\/#breadcrumb\"},\"inLanguage\":\"de\",\"potentialAction\":[{\"@type\":\"ReadAction\",\"target\":[\"https:\\\/\\\/cooldura.com\\\/product\\\/display-flessen-koelkast-1000-liter\\\/\"]}]},{\"@type\":\"ImageObject\",\"inLanguage\":\"de\",\"@id\":\"https:\\\/\\\/cooldura.com\\\/product\\\/display-flessen-koelkast-1000-liter\\\/#primaryimage\",\"url\":\"https:\\\/\\\/cooldura.com\\\/wp-content\\\/uploads\\\/2023\\\/07\\\/CDC2D_display_cooler_black_web.jpg\",\"contentUrl\":\"https:\\\/\\\/cooldura.com\\\/wp-content\\\/uploads\\\/2023\\\/07\\\/CDC2D_display_cooler_black_web.jpg\",\"width\":1200,\"height\":1200,\"caption\":\"CDC2D Cooldura Displayer Cooler 2-doors product photo\"},{\"@type\":\"BreadcrumbList\",\"@id\":\"https:\\\/\\\/cooldura.com\\\/product\\\/display-flessen-koelkast-1000-liter\\\/#breadcrumb\",\"itemListElement\":[{\"@type\":\"ListItem\",\"position\":1,\"name\":\"Home\",\"item\":\"https:\\\/\\\/cooldura.com\\\/\"},{\"@type\":\"ListItem\",\"position\":2,\"name\":\"Products\",\"item\":\"https:\\\/\\\/cooldura.com\\\/product\\\/\"},{\"@type\":\"ListItem\",\"position\":3,\"name\":\"Display bottle cooler - 949L\"}]},{\"@type\":\"WebSite\",\"@id\":\"https:\\\/\\\/cooldura.com\\\/#website\",\"url\":\"https:\\\/\\\/cooldura.com\\\/\",\"name\":\"Cooldura - Experience Cold Quality\",\"description\":\"Experience Cold Quality\",\"publisher\":{\"@id\":\"https:\\\/\\\/cooldura.com\\\/#organization\"},\"potentialAction\":[{\"@type\":\"SearchAction\",\"target\":{\"@type\":\"EntryPoint\",\"urlTemplate\":\"https:\\\/\\\/cooldura.com\\\/?s={search_term_string}\"},\"query-input\":{\"@type\":\"PropertyValueSpecification\",\"valueRequired\":true,\"valueName\":\"search_term_string\"}}],\"inLanguage\":\"de\"},{\"@type\":\"Organization\",\"@id\":\"https:\\\/\\\/cooldura.com\\\/#organization\",\"name\":\"Cooldura - Experience Cold Quality\",\"url\":\"https:\\\/\\\/cooldura.com\\\/\",\"logo\":{\"@type\":\"ImageObject\",\"inLanguage\":\"de\",\"@id\":\"https:\\\/\\\/cooldura.com\\\/#\\\/schema\\\/logo\\\/image\\\/\",\"url\":\"https:\\\/\\\/cooldura.com\\\/wp-content\\\/uploads\\\/2023\\\/07\\\/cooldura-logo.svg\",\"contentUrl\":\"https:\\\/\\\/cooldura.com\\\/wp-content\\\/uploads\\\/2023\\\/07\\\/cooldura-logo.svg\",\"width\":155,\"height\":40,\"caption\":\"Cooldura - Experience Cold Quality\"},\"image\":{\"@id\":\"https:\\\/\\\/cooldura.com\\\/#\\\/schema\\\/logo\\\/image\\\/\"},\"sameAs\":[\"https:\\\/\\\/www.instagram.com\\\/cooldura.official\"]}]}<\/script>\n<!-- \/ Yoast SEO Premium plugin. -->","yoast_head_json":{"title":"Display bottle cooler - 949L - Cooldura","description":"Mit einem Fassungsverm\u00f6gen von 1000 l eignet sich dieser Vitrinenk\u00fchlschrank perfekt f\u00fcr gastronomische Einrichtungen und Veranstaltungen. Dank seines eingebauten Ventilators garantiert dieser K\u00fchlschrank eine gleichm\u00e4\u00dfige Verteilung der k\u00fchlen Luft und h\u00e4lt alle Getr\u00e4nke jederzeit auf der erforderlichen Temperatur. Bieten Sie Ihren G\u00e4sten ein angenehmes Erlebnis mit diesem modernen und effizienten Flaschenk\u00fchlschrank mit Glast\u00fcr!","robots":{"index":"index","follow":"follow","max-snippet":"max-snippet:-1","max-image-preview":"max-image-preview:large","max-video-preview":"max-video-preview:-1"},"canonical":"https:\/\/cooldura.com\/de\/product\/display-flessen-koelkast-1000-liter\/","og_locale":"de_DE","og_type":"article","og_title":"Display bottle cooler - 949L","og_description":"With a capacity of 1000 l, this display fridge is perfect for hospitality facilities and events. Thanks to its built-in ventilator, this refrigerator guarantees an equal spread of cool air and keeps all drinks at the required temperature at all times. Offer your guests a pleasant experience with this modern and efficient bottle fridge with glass door!","og_url":"https:\/\/cooldura.com\/de\/product\/display-flessen-koelkast-1000-liter\/","og_site_name":"Cooldura","article_modified_time":"2026-03-31T08:33:48+00:00","og_image":[{"width":1200,"height":1200,"url":"https:\/\/cooldura.com\/wp-content\/uploads\/2023\/07\/CDC2D_display_cooler_black_web.jpg","type":"image\/jpeg"}],"twitter_card":"summary_large_image","schema":{"@context":"https:\/\/schema.org","@graph":[{"@type":"WebPage","@id":"https:\/\/cooldura.com\/product\/display-flessen-koelkast-1000-liter\/","url":"https:\/\/cooldura.com\/product\/display-flessen-koelkast-1000-liter\/","name":"Display bottle cooler - 949L - Cooldura","isPartOf":{"@id":"https:\/\/cooldura.com\/#website"},"primaryImageOfPage":{"@id":"https:\/\/cooldura.com\/product\/display-flessen-koelkast-1000-liter\/#primaryimage"},"image":{"@id":"https:\/\/cooldura.com\/product\/display-flessen-koelkast-1000-liter\/#primaryimage"},"thumbnailUrl":"https:\/\/cooldura.com\/wp-content\/uploads\/2023\/07\/CDC2D_display_cooler_black_web.jpg","datePublished":"2023-07-26T08:47:19+00:00","dateModified":"2026-03-31T08:33:48+00:00","description":"Mit einem Fassungsverm\u00f6gen von 1000 l eignet sich dieser Vitrinenk\u00fchlschrank perfekt f\u00fcr gastronomische Einrichtungen und Veranstaltungen. Dank seines eingebauten Ventilators garantiert dieser K\u00fchlschrank eine gleichm\u00e4\u00dfige Verteilung der k\u00fchlen Luft und h\u00e4lt alle Getr\u00e4nke jederzeit auf der erforderlichen Temperatur. Bieten Sie Ihren G\u00e4sten ein angenehmes Erlebnis mit diesem modernen und effizienten Flaschenk\u00fchlschrank mit Glast\u00fcr!","breadcrumb":{"@id":"https:\/\/cooldura.com\/product\/display-flessen-koelkast-1000-liter\/#breadcrumb"},"inLanguage":"de","potentialAction":[{"@type":"ReadAction","target":["https:\/\/cooldura.com\/product\/display-flessen-koelkast-1000-liter\/"]}]},{"@type":"ImageObject","inLanguage":"de","@id":"https:\/\/cooldura.com\/product\/display-flessen-koelkast-1000-liter\/#primaryimage","url":"https:\/\/cooldura.com\/wp-content\/uploads\/2023\/07\/CDC2D_display_cooler_black_web.jpg","contentUrl":"https:\/\/cooldura.com\/wp-content\/uploads\/2023\/07\/CDC2D_display_cooler_black_web.jpg","width":1200,"height":1200,"caption":"CDC2D Cooldura Displayer Cooler 2-doors product photo"},{"@type":"BreadcrumbList","@id":"https:\/\/cooldura.com\/product\/display-flessen-koelkast-1000-liter\/#breadcrumb","itemListElement":[{"@type":"ListItem","position":1,"name":"Home","item":"https:\/\/cooldura.com\/"},{"@type":"ListItem","position":2,"name":"Products","item":"https:\/\/cooldura.com\/product\/"},{"@type":"ListItem","position":3,"name":"Display bottle cooler - 949L"}]},{"@type":"WebSite","@id":"https:\/\/cooldura.com\/#website","url":"https:\/\/cooldura.com\/","name":"Cooldura - Experience Cold Quality","description":"Experience Cold Quality","publisher":{"@id":"https:\/\/cooldura.com\/#organization"},"potentialAction":[{"@type":"SearchAction","target":{"@type":"EntryPoint","urlTemplate":"https:\/\/cooldura.com\/?s={search_term_string}"},"query-input":{"@type":"PropertyValueSpecification","valueRequired":true,"valueName":"search_term_string"}}],"inLanguage":"de"},{"@type":"Organization","@id":"https:\/\/cooldura.com\/#organization","name":"Cooldura - Experience Cold Quality","url":"https:\/\/cooldura.com\/","logo":{"@type":"ImageObject","inLanguage":"de","@id":"https:\/\/cooldura.com\/#\/schema\/logo\/image\/","url":"https:\/\/cooldura.com\/wp-content\/uploads\/2023\/07\/cooldura-logo.svg","contentUrl":"https:\/\/cooldura.com\/wp-content\/uploads\/2023\/07\/cooldura-logo.svg","width":155,"height":40,"caption":"Cooldura - Experience Cold Quality"},"image":{"@id":"https:\/\/cooldura.com\/#\/schema\/logo\/image\/"},"sameAs":["https:\/\/www.instagram.com\/cooldura.official"]}]}},"_links":{"self":[{"href":"https:\/\/cooldura.com\/de\/wp-json\/wp\/v2\/product\/129","targetHints":{"allow":["GET"]}}],"collection":[{"href":"https:\/\/cooldura.com\/de\/wp-json\/wp\/v2\/product"}],"about":[{"href":"https:\/\/cooldura.com\/de\/wp-json\/wp\/v2\/types\/product"}],"wp:featuredmedia":[{"embeddable":true,"href":"https:\/\/cooldura.com\/de\/wp-json\/wp\/v2\/media\/176"}],"wp:attachment":[{"href":"https:\/\/cooldura.com\/de\/wp-json\/wp\/v2\/media?parent=129"}],"wp:term":[{"taxonomy":"prod_cat","embeddable":true,"href":"https:\/\/cooldura.com\/de\/wp-json\/wp\/v2\/prod_cat?post=129"}],"curies":[{"name":"wp","href":"https:\/\/api.w.org\/{rel}","templated":true}]}}