{"id":134,"date":"2023-07-26T10:57:51","date_gmt":"2023-07-26T08:57:51","guid":{"rendered":"https:\/\/cooldura.loeihard.dev\/?post_type=product&#038;p=134"},"modified":"2026-03-31T10:21:10","modified_gmt":"2026-03-31T08:21:10","slug":"barkoeling-met-glazen-deur-128-liter","status":"publish","type":"product","link":"https:\/\/cooldura.com\/de\/product\/barkoeling-met-glazen-deur-128-liter\/","title":{"rendered":"Bar-K\u00fchlschrank mit Glast\u00fcr - 128 Liter"},"content":{"rendered":"<p>Dieser 1-t\u00fcrige schwarze K\u00fchler ist eine perfekte L\u00f6sung f\u00fcr den gewerblichen Einsatz in Sportkantinen, Restaurants oder anderen gastronomischen Einrichtungen. Mit einem Fassungsverm\u00f6gen von 128 l k\u00f6nnen Sie reichlich Getr\u00e4nke und Speisen auf konstanter Temperatur halten. Dank seiner kompakten Gr\u00f6\u00dfe und seines stilvollen Aussehens pr\u00e4sentiert dieser Bark\u00fchler Getr\u00e4nke und Speisen auf ansprechende Weise. Lassen Sie Ihre G\u00e4ste mit diesem zuverl\u00e4ssigen und praktischen Bark\u00fchlschrank mit Glast\u00fcr ein erfrischendes Getr\u00e4nk genie\u00dfen!<\/p>","protected":false},"featured_media":175,"parent":0,"template":"","prod_cat":[14],"class_list":["post-134","product","type-product","status-publish","has-post-thumbnail","hentry","prod_cat-back-bar-cooler-for-catering-or-hospitality"],"yoast_head":"<!-- This site is optimized with the Yoast SEO Premium plugin v20.11 (Yoast SEO v27.3) - https:\/\/yoast.com\/product\/yoast-seo-premium-wordpress\/ -->\n<title>Back bar cooler 1-doors - 128L - Cooldura<\/title>\n<meta name=\"description\" content=\"This 1-door black bar cooler is a perfect solution for commercial use at sports canteens, restaurants or other hospitality facilities. With a capacity of 128 l, you can keep plenty of drinks and food at a constant temperature. Thanks to its compact size and stylish appearance, this bar cooler presents drinks and food in an attractive way. Let your guests enjoy a refreshing drink with this reliable and practical bar refrigerator with glass door!\" \/>\n<meta name=\"robots\" content=\"index, follow, max-snippet:-1, max-image-preview:large, max-video-preview:-1\" \/>\n<link rel=\"canonical\" href=\"https:\/\/cooldura.com\/de\/product\/barkoeling-met-glazen-deur-128-liter\/\" \/>\n<meta property=\"og:locale\" content=\"de_DE\" \/>\n<meta property=\"og:type\" content=\"article\" \/>\n<meta property=\"og:title\" content=\"Back bar cooler 1-doors - 128L\" \/>\n<meta property=\"og:description\" content=\"This 1-door black bar cooler is a perfect solution for commercial use at sports canteens, restaurants or other hospitality facilities. With a capacity of 128 l, you can keep plenty of drinks and food at a constant temperature. Thanks to its compact size and stylish appearance, this bar cooler presents drinks and food in an attractive way. Let your guests enjoy a refreshing drink with this reliable and practical bar refrigerator with glass door!\" \/>\n<meta property=\"og:url\" content=\"https:\/\/cooldura.com\/de\/product\/barkoeling-met-glazen-deur-128-liter\/\" \/>\n<meta property=\"og:site_name\" content=\"Cooldura\" \/>\n<meta property=\"article:modified_time\" content=\"2026-03-31T08:21:10+00:00\" \/>\n<meta property=\"og:image\" content=\"https:\/\/cooldura.com\/wp-content\/uploads\/2023\/07\/CBB1D_backbar_cooler_1-door-scaled.jpg\" \/>\n\t<meta property=\"og:image:width\" content=\"2560\" \/>\n\t<meta property=\"og:image:height\" content=\"2560\" \/>\n\t<meta property=\"og:image:type\" content=\"image\/jpeg\" \/>\n<meta name=\"twitter:card\" content=\"summary_large_image\" \/>\n<script type=\"application\/ld+json\" class=\"yoast-schema-graph\">{\"@context\":\"https:\\\/\\\/schema.org\",\"@graph\":[{\"@type\":\"WebPage\",\"@id\":\"https:\\\/\\\/cooldura.com\\\/product\\\/barkoeling-met-glazen-deur-128-liter\\\/\",\"url\":\"https:\\\/\\\/cooldura.com\\\/product\\\/barkoeling-met-glazen-deur-128-liter\\\/\",\"name\":\"Back bar cooler 1-doors - 128L - Cooldura\",\"isPartOf\":{\"@id\":\"https:\\\/\\\/cooldura.com\\\/#website\"},\"primaryImageOfPage\":{\"@id\":\"https:\\\/\\\/cooldura.com\\\/product\\\/barkoeling-met-glazen-deur-128-liter\\\/#primaryimage\"},\"image\":{\"@id\":\"https:\\\/\\\/cooldura.com\\\/product\\\/barkoeling-met-glazen-deur-128-liter\\\/#primaryimage\"},\"thumbnailUrl\":\"https:\\\/\\\/cooldura.com\\\/wp-content\\\/uploads\\\/2023\\\/07\\\/CBB1D_backbar_cooler_1-door-scaled.jpg\",\"datePublished\":\"2023-07-26T08:57:51+00:00\",\"dateModified\":\"2026-03-31T08:21:10+00:00\",\"description\":\"This 1-door black bar cooler is a perfect solution for commercial use at sports canteens, restaurants or other hospitality facilities. With a capacity of 128 l, you can keep plenty of drinks and food at a constant temperature. Thanks to its compact size and stylish appearance, this bar cooler presents drinks and food in an attractive way. Let your guests enjoy a refreshing drink with this reliable and practical bar refrigerator with glass door!\",\"breadcrumb\":{\"@id\":\"https:\\\/\\\/cooldura.com\\\/product\\\/barkoeling-met-glazen-deur-128-liter\\\/#breadcrumb\"},\"inLanguage\":\"de\",\"potentialAction\":[{\"@type\":\"ReadAction\",\"target\":[\"https:\\\/\\\/cooldura.com\\\/product\\\/barkoeling-met-glazen-deur-128-liter\\\/\"]}]},{\"@type\":\"ImageObject\",\"inLanguage\":\"de\",\"@id\":\"https:\\\/\\\/cooldura.com\\\/product\\\/barkoeling-met-glazen-deur-128-liter\\\/#primaryimage\",\"url\":\"https:\\\/\\\/cooldura.com\\\/wp-content\\\/uploads\\\/2023\\\/07\\\/CBB1D_backbar_cooler_1-door-scaled.jpg\",\"contentUrl\":\"https:\\\/\\\/cooldura.com\\\/wp-content\\\/uploads\\\/2023\\\/07\\\/CBB1D_backbar_cooler_1-door-scaled.jpg\",\"width\":2560,\"height\":2560,\"caption\":\"Back bar cooler 1-doors CBB1D Cooldura\"},{\"@type\":\"BreadcrumbList\",\"@id\":\"https:\\\/\\\/cooldura.com\\\/product\\\/barkoeling-met-glazen-deur-128-liter\\\/#breadcrumb\",\"itemListElement\":[{\"@type\":\"ListItem\",\"position\":1,\"name\":\"Home\",\"item\":\"https:\\\/\\\/cooldura.com\\\/\"},{\"@type\":\"ListItem\",\"position\":2,\"name\":\"Products\",\"item\":\"https:\\\/\\\/cooldura.com\\\/product\\\/\"},{\"@type\":\"ListItem\",\"position\":3,\"name\":\"Back bar cooler 1-doors - 128L\"}]},{\"@type\":\"WebSite\",\"@id\":\"https:\\\/\\\/cooldura.com\\\/#website\",\"url\":\"https:\\\/\\\/cooldura.com\\\/\",\"name\":\"Cooldura - Experience Cold Quality\",\"description\":\"Experience Cold Quality\",\"publisher\":{\"@id\":\"https:\\\/\\\/cooldura.com\\\/#organization\"},\"potentialAction\":[{\"@type\":\"SearchAction\",\"target\":{\"@type\":\"EntryPoint\",\"urlTemplate\":\"https:\\\/\\\/cooldura.com\\\/?s={search_term_string}\"},\"query-input\":{\"@type\":\"PropertyValueSpecification\",\"valueRequired\":true,\"valueName\":\"search_term_string\"}}],\"inLanguage\":\"de\"},{\"@type\":\"Organization\",\"@id\":\"https:\\\/\\\/cooldura.com\\\/#organization\",\"name\":\"Cooldura - Experience Cold Quality\",\"url\":\"https:\\\/\\\/cooldura.com\\\/\",\"logo\":{\"@type\":\"ImageObject\",\"inLanguage\":\"de\",\"@id\":\"https:\\\/\\\/cooldura.com\\\/#\\\/schema\\\/logo\\\/image\\\/\",\"url\":\"https:\\\/\\\/cooldura.com\\\/wp-content\\\/uploads\\\/2023\\\/07\\\/cooldura-logo.svg\",\"contentUrl\":\"https:\\\/\\\/cooldura.com\\\/wp-content\\\/uploads\\\/2023\\\/07\\\/cooldura-logo.svg\",\"width\":155,\"height\":40,\"caption\":\"Cooldura - Experience Cold Quality\"},\"image\":{\"@id\":\"https:\\\/\\\/cooldura.com\\\/#\\\/schema\\\/logo\\\/image\\\/\"},\"sameAs\":[\"https:\\\/\\\/www.instagram.com\\\/cooldura.official\"]}]}<\/script>\n<!-- \/ Yoast SEO Premium plugin. -->","yoast_head_json":{"title":"Back bar cooler 1-doors - 128L - Cooldura","description":"Dieser 1-t\u00fcrige schwarze K\u00fchler ist eine perfekte L\u00f6sung f\u00fcr den gewerblichen Einsatz in Sportkantinen, Restaurants oder anderen gastronomischen Einrichtungen. Mit einem Fassungsverm\u00f6gen von 128 l k\u00f6nnen Sie reichlich Getr\u00e4nke und Speisen auf konstanter Temperatur halten. Dank seiner kompakten Gr\u00f6\u00dfe und seines stilvollen Aussehens pr\u00e4sentiert dieser Bark\u00fchler Getr\u00e4nke und Speisen auf ansprechende Weise. Lassen Sie Ihre G\u00e4ste mit diesem zuverl\u00e4ssigen und praktischen Bark\u00fchlschrank mit Glast\u00fcr ein erfrischendes Getr\u00e4nk genie\u00dfen!","robots":{"index":"index","follow":"follow","max-snippet":"max-snippet:-1","max-image-preview":"max-image-preview:large","max-video-preview":"max-video-preview:-1"},"canonical":"https:\/\/cooldura.com\/de\/product\/barkoeling-met-glazen-deur-128-liter\/","og_locale":"de_DE","og_type":"article","og_title":"Back bar cooler 1-doors - 128L","og_description":"This 1-door black bar cooler is a perfect solution for commercial use at sports canteens, restaurants or other hospitality facilities. With a capacity of 128 l, you can keep plenty of drinks and food at a constant temperature. Thanks to its compact size and stylish appearance, this bar cooler presents drinks and food in an attractive way. Let your guests enjoy a refreshing drink with this reliable and practical bar refrigerator with glass door!","og_url":"https:\/\/cooldura.com\/de\/product\/barkoeling-met-glazen-deur-128-liter\/","og_site_name":"Cooldura","article_modified_time":"2026-03-31T08:21:10+00:00","og_image":[{"width":2560,"height":2560,"url":"https:\/\/cooldura.com\/wp-content\/uploads\/2023\/07\/CBB1D_backbar_cooler_1-door-scaled.jpg","type":"image\/jpeg"}],"twitter_card":"summary_large_image","schema":{"@context":"https:\/\/schema.org","@graph":[{"@type":"WebPage","@id":"https:\/\/cooldura.com\/product\/barkoeling-met-glazen-deur-128-liter\/","url":"https:\/\/cooldura.com\/product\/barkoeling-met-glazen-deur-128-liter\/","name":"Back bar cooler 1-doors - 128L - Cooldura","isPartOf":{"@id":"https:\/\/cooldura.com\/#website"},"primaryImageOfPage":{"@id":"https:\/\/cooldura.com\/product\/barkoeling-met-glazen-deur-128-liter\/#primaryimage"},"image":{"@id":"https:\/\/cooldura.com\/product\/barkoeling-met-glazen-deur-128-liter\/#primaryimage"},"thumbnailUrl":"https:\/\/cooldura.com\/wp-content\/uploads\/2023\/07\/CBB1D_backbar_cooler_1-door-scaled.jpg","datePublished":"2023-07-26T08:57:51+00:00","dateModified":"2026-03-31T08:21:10+00:00","description":"Dieser 1-t\u00fcrige schwarze K\u00fchler ist eine perfekte L\u00f6sung f\u00fcr den gewerblichen Einsatz in Sportkantinen, Restaurants oder anderen gastronomischen Einrichtungen. Mit einem Fassungsverm\u00f6gen von 128 l k\u00f6nnen Sie reichlich Getr\u00e4nke und Speisen auf konstanter Temperatur halten. Dank seiner kompakten Gr\u00f6\u00dfe und seines stilvollen Aussehens pr\u00e4sentiert dieser Bark\u00fchler Getr\u00e4nke und Speisen auf ansprechende Weise. Lassen Sie Ihre G\u00e4ste mit diesem zuverl\u00e4ssigen und praktischen Bark\u00fchlschrank mit Glast\u00fcr ein erfrischendes Getr\u00e4nk genie\u00dfen!","breadcrumb":{"@id":"https:\/\/cooldura.com\/product\/barkoeling-met-glazen-deur-128-liter\/#breadcrumb"},"inLanguage":"de","potentialAction":[{"@type":"ReadAction","target":["https:\/\/cooldura.com\/product\/barkoeling-met-glazen-deur-128-liter\/"]}]},{"@type":"ImageObject","inLanguage":"de","@id":"https:\/\/cooldura.com\/product\/barkoeling-met-glazen-deur-128-liter\/#primaryimage","url":"https:\/\/cooldura.com\/wp-content\/uploads\/2023\/07\/CBB1D_backbar_cooler_1-door-scaled.jpg","contentUrl":"https:\/\/cooldura.com\/wp-content\/uploads\/2023\/07\/CBB1D_backbar_cooler_1-door-scaled.jpg","width":2560,"height":2560,"caption":"Back bar cooler 1-doors CBB1D Cooldura"},{"@type":"BreadcrumbList","@id":"https:\/\/cooldura.com\/product\/barkoeling-met-glazen-deur-128-liter\/#breadcrumb","itemListElement":[{"@type":"ListItem","position":1,"name":"Home","item":"https:\/\/cooldura.com\/"},{"@type":"ListItem","position":2,"name":"Products","item":"https:\/\/cooldura.com\/product\/"},{"@type":"ListItem","position":3,"name":"Back bar cooler 1-doors - 128L"}]},{"@type":"WebSite","@id":"https:\/\/cooldura.com\/#website","url":"https:\/\/cooldura.com\/","name":"Cooldura - Experience Cold Quality","description":"Experience Cold Quality","publisher":{"@id":"https:\/\/cooldura.com\/#organization"},"potentialAction":[{"@type":"SearchAction","target":{"@type":"EntryPoint","urlTemplate":"https:\/\/cooldura.com\/?s={search_term_string}"},"query-input":{"@type":"PropertyValueSpecification","valueRequired":true,"valueName":"search_term_string"}}],"inLanguage":"de"},{"@type":"Organization","@id":"https:\/\/cooldura.com\/#organization","name":"Cooldura - Experience Cold Quality","url":"https:\/\/cooldura.com\/","logo":{"@type":"ImageObject","inLanguage":"de","@id":"https:\/\/cooldura.com\/#\/schema\/logo\/image\/","url":"https:\/\/cooldura.com\/wp-content\/uploads\/2023\/07\/cooldura-logo.svg","contentUrl":"https:\/\/cooldura.com\/wp-content\/uploads\/2023\/07\/cooldura-logo.svg","width":155,"height":40,"caption":"Cooldura - Experience Cold Quality"},"image":{"@id":"https:\/\/cooldura.com\/#\/schema\/logo\/image\/"},"sameAs":["https:\/\/www.instagram.com\/cooldura.official"]}]}},"_links":{"self":[{"href":"https:\/\/cooldura.com\/de\/wp-json\/wp\/v2\/product\/134","targetHints":{"allow":["GET"]}}],"collection":[{"href":"https:\/\/cooldura.com\/de\/wp-json\/wp\/v2\/product"}],"about":[{"href":"https:\/\/cooldura.com\/de\/wp-json\/wp\/v2\/types\/product"}],"wp:featuredmedia":[{"embeddable":true,"href":"https:\/\/cooldura.com\/de\/wp-json\/wp\/v2\/media\/175"}],"wp:attachment":[{"href":"https:\/\/cooldura.com\/de\/wp-json\/wp\/v2\/media?parent=134"}],"wp:term":[{"taxonomy":"prod_cat","embeddable":true,"href":"https:\/\/cooldura.com\/de\/wp-json\/wp\/v2\/prod_cat?post=134"}],"curies":[{"name":"wp","href":"https:\/\/api.w.org\/{rel}","templated":true}]}}