{"id":140,"date":"2023-07-26T11:02:56","date_gmt":"2023-07-26T09:02:56","guid":{"rendered":"https:\/\/cooldura.loeihard.dev\/?post_type=product&#038;p=140"},"modified":"2026-03-17T11:57:48","modified_gmt":"2026-03-17T10:57:48","slug":"barkoeling-2-deurs-198-liter","status":"publish","type":"product","link":"https:\/\/cooldura.com\/de\/product\/barkoeling-2-deurs-198-liter\/","title":{"rendered":"Bar-K\u00fchlschrank 2-t\u00fcrig - 198 Liter"},"content":{"rendered":"<p>Diese 2-t\u00fcrige schwarze Bar-K\u00fchlbox ist die ideale L\u00f6sung f\u00fcr den gewerblichen Einsatz in Sportkantinen, Restaurants oder anderen gastronomischen Einrichtungen. Mit einem gro\u00dfen Fassungsverm\u00f6gen von 198 l k\u00f6nnen Sie reichlich Getr\u00e4nke und Lebensmittel verstauen. Dank der innovativen K\u00fchlmethode k\u00f6nnen Sie sich immer auf eine konstante Temperatur verlassen. Die kompakte und stilvolle Optik des Bark\u00fchlers mit zwei T\u00fcren macht das Pr\u00e4sentieren von Getr\u00e4nken und Speisen noch attraktiver. Lassen Sie Ihre G\u00e4ste mit diesem zuverl\u00e4ssigen und praktischen Bark\u00fchlschrank mit Glast\u00fcren ein erfrischendes Getr\u00e4nk genie\u00dfen!<\/p>","protected":false},"featured_media":141,"parent":0,"template":"","prod_cat":[14],"class_list":["post-140","product","type-product","status-publish","has-post-thumbnail","hentry","prod_cat-back-bar-cooler-for-catering-or-hospitality"],"yoast_head":"<!-- This site is optimized with the Yoast SEO Premium plugin v20.11 (Yoast SEO v27.5) - https:\/\/yoast.com\/product\/yoast-seo-premium-wordpress\/ -->\n<title>Back bar cooler 2-doors - 198L - Cooldura<\/title>\n<meta name=\"description\" content=\"This 2-door black bar cooler is the ideal solution for commercial use in sports canteens, restaurants or other hospitality facilities. With a large capacity of 198 l, you can store plenty of drinks and food. Thanks to the innovative cooling method, you can always be sure of a constant temperature. The compact and stylish look of the bar cooler with two doors makes presenting drinks and food even more attractive. Let your guests enjoy a refreshing drink with this reliable and practical bar refrigerator with glass doors!\" \/>\n<meta name=\"robots\" content=\"index, follow, max-snippet:-1, max-image-preview:large, max-video-preview:-1\" \/>\n<link rel=\"canonical\" href=\"https:\/\/cooldura.com\/de\/product\/barkoeling-2-deurs-198-liter\/\" \/>\n<meta property=\"og:locale\" content=\"de_DE\" \/>\n<meta property=\"og:type\" content=\"article\" \/>\n<meta property=\"og:title\" content=\"Back bar cooler 2-doors - 198L\" \/>\n<meta property=\"og:description\" content=\"This 2-door black bar cooler is the ideal solution for commercial use in sports canteens, restaurants or other hospitality facilities. With a large capacity of 198 l, you can store plenty of drinks and food. Thanks to the innovative cooling method, you can always be sure of a constant temperature. The compact and stylish look of the bar cooler with two doors makes presenting drinks and food even more attractive. Let your guests enjoy a refreshing drink with this reliable and practical bar refrigerator with glass doors!\" \/>\n<meta property=\"og:url\" content=\"https:\/\/cooldura.com\/de\/product\/barkoeling-2-deurs-198-liter\/\" \/>\n<meta property=\"og:site_name\" content=\"Cooldura\" \/>\n<meta property=\"article:modified_time\" content=\"2026-03-17T10:57:48+00:00\" \/>\n<meta property=\"og:image\" content=\"https:\/\/cooldura.com\/wp-content\/uploads\/2023\/07\/CBB2D-scaled.jpg\" \/>\n\t<meta property=\"og:image:width\" content=\"2560\" \/>\n\t<meta property=\"og:image:height\" content=\"2560\" \/>\n\t<meta property=\"og:image:type\" content=\"image\/jpeg\" \/>\n<meta name=\"twitter:card\" content=\"summary_large_image\" \/>\n<script type=\"application\/ld+json\" class=\"yoast-schema-graph\">{\"@context\":\"https:\\\/\\\/schema.org\",\"@graph\":[{\"@type\":\"WebPage\",\"@id\":\"https:\\\/\\\/cooldura.com\\\/product\\\/barkoeling-2-deurs-198-liter\\\/\",\"url\":\"https:\\\/\\\/cooldura.com\\\/product\\\/barkoeling-2-deurs-198-liter\\\/\",\"name\":\"Back bar cooler 2-doors - 198L - Cooldura\",\"isPartOf\":{\"@id\":\"https:\\\/\\\/cooldura.com\\\/#website\"},\"primaryImageOfPage\":{\"@id\":\"https:\\\/\\\/cooldura.com\\\/product\\\/barkoeling-2-deurs-198-liter\\\/#primaryimage\"},\"image\":{\"@id\":\"https:\\\/\\\/cooldura.com\\\/product\\\/barkoeling-2-deurs-198-liter\\\/#primaryimage\"},\"thumbnailUrl\":\"https:\\\/\\\/cooldura.com\\\/wp-content\\\/uploads\\\/2023\\\/07\\\/CBB2D-scaled.jpg\",\"datePublished\":\"2023-07-26T09:02:56+00:00\",\"dateModified\":\"2026-03-17T10:57:48+00:00\",\"description\":\"This 2-door black bar cooler is the ideal solution for commercial use in sports canteens, restaurants or other hospitality facilities. With a large capacity of 198 l, you can store plenty of drinks and food. Thanks to the innovative cooling method, you can always be sure of a constant temperature. The compact and stylish look of the bar cooler with two doors makes presenting drinks and food even more attractive. Let your guests enjoy a refreshing drink with this reliable and practical bar refrigerator with glass doors!\",\"breadcrumb\":{\"@id\":\"https:\\\/\\\/cooldura.com\\\/product\\\/barkoeling-2-deurs-198-liter\\\/#breadcrumb\"},\"inLanguage\":\"de\",\"potentialAction\":[{\"@type\":\"ReadAction\",\"target\":[\"https:\\\/\\\/cooldura.com\\\/product\\\/barkoeling-2-deurs-198-liter\\\/\"]}]},{\"@type\":\"ImageObject\",\"inLanguage\":\"de\",\"@id\":\"https:\\\/\\\/cooldura.com\\\/product\\\/barkoeling-2-deurs-198-liter\\\/#primaryimage\",\"url\":\"https:\\\/\\\/cooldura.com\\\/wp-content\\\/uploads\\\/2023\\\/07\\\/CBB2D-scaled.jpg\",\"contentUrl\":\"https:\\\/\\\/cooldura.com\\\/wp-content\\\/uploads\\\/2023\\\/07\\\/CBB2D-scaled.jpg\",\"width\":1800,\"height\":1800,\"caption\":\"Cooldura back bar cooler 2-doors CBB2D\"},{\"@type\":\"BreadcrumbList\",\"@id\":\"https:\\\/\\\/cooldura.com\\\/product\\\/barkoeling-2-deurs-198-liter\\\/#breadcrumb\",\"itemListElement\":[{\"@type\":\"ListItem\",\"position\":1,\"name\":\"Home\",\"item\":\"https:\\\/\\\/cooldura.com\\\/\"},{\"@type\":\"ListItem\",\"position\":2,\"name\":\"Products\",\"item\":\"https:\\\/\\\/cooldura.com\\\/product\\\/\"},{\"@type\":\"ListItem\",\"position\":3,\"name\":\"Back bar cooler 2-doors - 198L\"}]},{\"@type\":\"WebSite\",\"@id\":\"https:\\\/\\\/cooldura.com\\\/#website\",\"url\":\"https:\\\/\\\/cooldura.com\\\/\",\"name\":\"Cooldura - Experience Cold Quality\",\"description\":\"Experience Cold Quality\",\"publisher\":{\"@id\":\"https:\\\/\\\/cooldura.com\\\/#organization\"},\"potentialAction\":[{\"@type\":\"SearchAction\",\"target\":{\"@type\":\"EntryPoint\",\"urlTemplate\":\"https:\\\/\\\/cooldura.com\\\/?s={search_term_string}\"},\"query-input\":{\"@type\":\"PropertyValueSpecification\",\"valueRequired\":true,\"valueName\":\"search_term_string\"}}],\"inLanguage\":\"de\"},{\"@type\":\"Organization\",\"@id\":\"https:\\\/\\\/cooldura.com\\\/#organization\",\"name\":\"Cooldura - Experience Cold Quality\",\"url\":\"https:\\\/\\\/cooldura.com\\\/\",\"logo\":{\"@type\":\"ImageObject\",\"inLanguage\":\"de\",\"@id\":\"https:\\\/\\\/cooldura.com\\\/#\\\/schema\\\/logo\\\/image\\\/\",\"url\":\"https:\\\/\\\/cooldura.com\\\/wp-content\\\/uploads\\\/2023\\\/07\\\/cooldura-logo.svg\",\"contentUrl\":\"https:\\\/\\\/cooldura.com\\\/wp-content\\\/uploads\\\/2023\\\/07\\\/cooldura-logo.svg\",\"width\":155,\"height\":40,\"caption\":\"Cooldura - Experience Cold Quality\"},\"image\":{\"@id\":\"https:\\\/\\\/cooldura.com\\\/#\\\/schema\\\/logo\\\/image\\\/\"},\"sameAs\":[\"https:\\\/\\\/www.instagram.com\\\/cooldura.official\"]}]}<\/script>\n<!-- \/ Yoast SEO Premium plugin. -->","yoast_head_json":{"title":"Back bar cooler 2-doors - 198L - Cooldura","description":"Diese 2-t\u00fcrige schwarze Bar-K\u00fchlbox ist die ideale L\u00f6sung f\u00fcr den gewerblichen Einsatz in Sportkantinen, Restaurants oder anderen gastronomischen Einrichtungen. Mit einem gro\u00dfen Fassungsverm\u00f6gen von 198 l k\u00f6nnen Sie reichlich Getr\u00e4nke und Lebensmittel verstauen. Dank der innovativen K\u00fchlmethode k\u00f6nnen Sie sich immer auf eine konstante Temperatur verlassen. Die kompakte und stilvolle Optik des Bark\u00fchlers mit zwei T\u00fcren macht das Pr\u00e4sentieren von Getr\u00e4nken und Speisen noch attraktiver. Lassen Sie Ihre G\u00e4ste mit diesem zuverl\u00e4ssigen und praktischen Bark\u00fchlschrank mit Glast\u00fcren ein erfrischendes Getr\u00e4nk genie\u00dfen!","robots":{"index":"index","follow":"follow","max-snippet":"max-snippet:-1","max-image-preview":"max-image-preview:large","max-video-preview":"max-video-preview:-1"},"canonical":"https:\/\/cooldura.com\/de\/product\/barkoeling-2-deurs-198-liter\/","og_locale":"de_DE","og_type":"article","og_title":"Back bar cooler 2-doors - 198L","og_description":"This 2-door black bar cooler is the ideal solution for commercial use in sports canteens, restaurants or other hospitality facilities. With a large capacity of 198 l, you can store plenty of drinks and food. Thanks to the innovative cooling method, you can always be sure of a constant temperature. The compact and stylish look of the bar cooler with two doors makes presenting drinks and food even more attractive. Let your guests enjoy a refreshing drink with this reliable and practical bar refrigerator with glass doors!","og_url":"https:\/\/cooldura.com\/de\/product\/barkoeling-2-deurs-198-liter\/","og_site_name":"Cooldura","article_modified_time":"2026-03-17T10:57:48+00:00","og_image":[{"width":2560,"height":2560,"url":"https:\/\/cooldura.com\/wp-content\/uploads\/2023\/07\/CBB2D-scaled.jpg","type":"image\/jpeg"}],"twitter_card":"summary_large_image","schema":{"@context":"https:\/\/schema.org","@graph":[{"@type":"WebPage","@id":"https:\/\/cooldura.com\/product\/barkoeling-2-deurs-198-liter\/","url":"https:\/\/cooldura.com\/product\/barkoeling-2-deurs-198-liter\/","name":"Back bar cooler 2-doors - 198L - Cooldura","isPartOf":{"@id":"https:\/\/cooldura.com\/#website"},"primaryImageOfPage":{"@id":"https:\/\/cooldura.com\/product\/barkoeling-2-deurs-198-liter\/#primaryimage"},"image":{"@id":"https:\/\/cooldura.com\/product\/barkoeling-2-deurs-198-liter\/#primaryimage"},"thumbnailUrl":"https:\/\/cooldura.com\/wp-content\/uploads\/2023\/07\/CBB2D-scaled.jpg","datePublished":"2023-07-26T09:02:56+00:00","dateModified":"2026-03-17T10:57:48+00:00","description":"Diese 2-t\u00fcrige schwarze Bar-K\u00fchlbox ist die ideale L\u00f6sung f\u00fcr den gewerblichen Einsatz in Sportkantinen, Restaurants oder anderen gastronomischen Einrichtungen. Mit einem gro\u00dfen Fassungsverm\u00f6gen von 198 l k\u00f6nnen Sie reichlich Getr\u00e4nke und Lebensmittel verstauen. Dank der innovativen K\u00fchlmethode k\u00f6nnen Sie sich immer auf eine konstante Temperatur verlassen. Die kompakte und stilvolle Optik des Bark\u00fchlers mit zwei T\u00fcren macht das Pr\u00e4sentieren von Getr\u00e4nken und Speisen noch attraktiver. Lassen Sie Ihre G\u00e4ste mit diesem zuverl\u00e4ssigen und praktischen Bark\u00fchlschrank mit Glast\u00fcren ein erfrischendes Getr\u00e4nk genie\u00dfen!","breadcrumb":{"@id":"https:\/\/cooldura.com\/product\/barkoeling-2-deurs-198-liter\/#breadcrumb"},"inLanguage":"de","potentialAction":[{"@type":"ReadAction","target":["https:\/\/cooldura.com\/product\/barkoeling-2-deurs-198-liter\/"]}]},{"@type":"ImageObject","inLanguage":"de","@id":"https:\/\/cooldura.com\/product\/barkoeling-2-deurs-198-liter\/#primaryimage","url":"https:\/\/cooldura.com\/wp-content\/uploads\/2023\/07\/CBB2D-scaled.jpg","contentUrl":"https:\/\/cooldura.com\/wp-content\/uploads\/2023\/07\/CBB2D-scaled.jpg","width":1800,"height":1800,"caption":"Cooldura back bar cooler 2-doors CBB2D"},{"@type":"BreadcrumbList","@id":"https:\/\/cooldura.com\/product\/barkoeling-2-deurs-198-liter\/#breadcrumb","itemListElement":[{"@type":"ListItem","position":1,"name":"Home","item":"https:\/\/cooldura.com\/"},{"@type":"ListItem","position":2,"name":"Products","item":"https:\/\/cooldura.com\/product\/"},{"@type":"ListItem","position":3,"name":"Back bar cooler 2-doors - 198L"}]},{"@type":"WebSite","@id":"https:\/\/cooldura.com\/#website","url":"https:\/\/cooldura.com\/","name":"Cooldura - Experience Cold Quality","description":"Experience Cold Quality","publisher":{"@id":"https:\/\/cooldura.com\/#organization"},"potentialAction":[{"@type":"SearchAction","target":{"@type":"EntryPoint","urlTemplate":"https:\/\/cooldura.com\/?s={search_term_string}"},"query-input":{"@type":"PropertyValueSpecification","valueRequired":true,"valueName":"search_term_string"}}],"inLanguage":"de"},{"@type":"Organization","@id":"https:\/\/cooldura.com\/#organization","name":"Cooldura - Experience Cold Quality","url":"https:\/\/cooldura.com\/","logo":{"@type":"ImageObject","inLanguage":"de","@id":"https:\/\/cooldura.com\/#\/schema\/logo\/image\/","url":"https:\/\/cooldura.com\/wp-content\/uploads\/2023\/07\/cooldura-logo.svg","contentUrl":"https:\/\/cooldura.com\/wp-content\/uploads\/2023\/07\/cooldura-logo.svg","width":155,"height":40,"caption":"Cooldura - Experience Cold Quality"},"image":{"@id":"https:\/\/cooldura.com\/#\/schema\/logo\/image\/"},"sameAs":["https:\/\/www.instagram.com\/cooldura.official"]}]}},"_links":{"self":[{"href":"https:\/\/cooldura.com\/de\/wp-json\/wp\/v2\/product\/140","targetHints":{"allow":["GET"]}}],"collection":[{"href":"https:\/\/cooldura.com\/de\/wp-json\/wp\/v2\/product"}],"about":[{"href":"https:\/\/cooldura.com\/de\/wp-json\/wp\/v2\/types\/product"}],"wp:featuredmedia":[{"embeddable":true,"href":"https:\/\/cooldura.com\/de\/wp-json\/wp\/v2\/media\/141"}],"wp:attachment":[{"href":"https:\/\/cooldura.com\/de\/wp-json\/wp\/v2\/media?parent=140"}],"wp:term":[{"taxonomy":"prod_cat","embeddable":true,"href":"https:\/\/cooldura.com\/de\/wp-json\/wp\/v2\/prod_cat?post=140"}],"curies":[{"name":"wp","href":"https:\/\/api.w.org\/{rel}","templated":true}]}}