{"id":129,"date":"2023-07-26T10:47:19","date_gmt":"2023-07-26T08:47:19","guid":{"rendered":"https:\/\/cooldura.loeihard.dev\/?post_type=product&#038;p=129"},"modified":"2026-03-31T10:33:48","modified_gmt":"2026-03-31T08:33:48","slug":"display-flessen-koelkast-1000-liter","status":"publish","type":"product","link":"https:\/\/cooldura.com\/fr\/product\/display-flessen-koelkast-1000-liter\/","title":{"rendered":"R\u00e9frig\u00e9rateur \u00e0 bouteilles avec 2 portes vitr\u00e9es - 949 litres"},"content":{"rendered":"<p>Avec une capacit\u00e9 de 1000 litres, cette vitrine r\u00e9frig\u00e9r\u00e9e est parfaite pour les \u00e9tablissements de restauration et les \u00e9v\u00e9nements. Gr\u00e2ce \u00e0 son ventilateur int\u00e9gr\u00e9, ce r\u00e9frig\u00e9rateur garantit une distribution uniforme de l'air frais et maintient toutes les boissons \u00e0 la bonne temp\u00e9rature \u00e0 tout moment. Offrez \u00e0 vos invit\u00e9s une exp\u00e9rience agr\u00e9able avec cette vitrine r\u00e9frig\u00e9r\u00e9e moderne et efficace avec portes en verre !<\/p>","protected":false},"featured_media":176,"parent":0,"template":"","prod_cat":[15],"class_list":["post-129","product","type-product","status-publish","has-post-thumbnail","hentry","prod_cat-glass-door-refrigerators-coolers"],"yoast_head":"<!-- This site is optimized with the Yoast SEO Premium plugin v20.11 (Yoast SEO v27.3) - https:\/\/yoast.com\/product\/yoast-seo-premium-wordpress\/ -->\n<title>Display bottle cooler - 949L - Cooldura<\/title>\n<meta name=\"description\" content=\"With a capacity of 1000 l, this display fridge is perfect for hospitality facilities and events. Thanks to its built-in ventilator, this refrigerator guarantees an equal spread of cool air and keeps all drinks at the required temperature at all times. Offer your guests a pleasant experience with this modern and efficient bottle fridge with glass door!\" \/>\n<meta name=\"robots\" content=\"index, follow, max-snippet:-1, max-image-preview:large, max-video-preview:-1\" \/>\n<link rel=\"canonical\" href=\"https:\/\/cooldura.com\/fr\/product\/display-flessen-koelkast-1000-liter\/\" \/>\n<meta property=\"og:locale\" content=\"fr_FR\" \/>\n<meta property=\"og:type\" content=\"article\" \/>\n<meta property=\"og:title\" content=\"Display bottle cooler - 949L\" \/>\n<meta property=\"og:description\" content=\"With a capacity of 1000 l, this display fridge is perfect for hospitality facilities and events. Thanks to its built-in ventilator, this refrigerator guarantees an equal spread of cool air and keeps all drinks at the required temperature at all times. Offer your guests a pleasant experience with this modern and efficient bottle fridge with glass door!\" \/>\n<meta property=\"og:url\" content=\"https:\/\/cooldura.com\/fr\/product\/display-flessen-koelkast-1000-liter\/\" \/>\n<meta property=\"og:site_name\" content=\"Cooldura\" \/>\n<meta property=\"article:modified_time\" content=\"2026-03-31T08:33:48+00:00\" \/>\n<meta property=\"og:image\" content=\"https:\/\/cooldura.com\/wp-content\/uploads\/2023\/07\/CDC2D_display_cooler_black_web.jpg\" \/>\n\t<meta property=\"og:image:width\" content=\"1200\" \/>\n\t<meta property=\"og:image:height\" content=\"1200\" \/>\n\t<meta property=\"og:image:type\" content=\"image\/jpeg\" \/>\n<meta name=\"twitter:card\" content=\"summary_large_image\" \/>\n<script type=\"application\/ld+json\" class=\"yoast-schema-graph\">{\"@context\":\"https:\\\/\\\/schema.org\",\"@graph\":[{\"@type\":\"WebPage\",\"@id\":\"https:\\\/\\\/cooldura.com\\\/product\\\/display-flessen-koelkast-1000-liter\\\/\",\"url\":\"https:\\\/\\\/cooldura.com\\\/product\\\/display-flessen-koelkast-1000-liter\\\/\",\"name\":\"Display bottle cooler - 949L - Cooldura\",\"isPartOf\":{\"@id\":\"https:\\\/\\\/cooldura.com\\\/#website\"},\"primaryImageOfPage\":{\"@id\":\"https:\\\/\\\/cooldura.com\\\/product\\\/display-flessen-koelkast-1000-liter\\\/#primaryimage\"},\"image\":{\"@id\":\"https:\\\/\\\/cooldura.com\\\/product\\\/display-flessen-koelkast-1000-liter\\\/#primaryimage\"},\"thumbnailUrl\":\"https:\\\/\\\/cooldura.com\\\/wp-content\\\/uploads\\\/2023\\\/07\\\/CDC2D_display_cooler_black_web.jpg\",\"datePublished\":\"2023-07-26T08:47:19+00:00\",\"dateModified\":\"2026-03-31T08:33:48+00:00\",\"description\":\"With a capacity of 1000 l, this display fridge is perfect for hospitality facilities and events. Thanks to its built-in ventilator, this refrigerator guarantees an equal spread of cool air and keeps all drinks at the required temperature at all times. Offer your guests a pleasant experience with this modern and efficient bottle fridge with glass door!\",\"breadcrumb\":{\"@id\":\"https:\\\/\\\/cooldura.com\\\/product\\\/display-flessen-koelkast-1000-liter\\\/#breadcrumb\"},\"inLanguage\":\"fr-FR\",\"potentialAction\":[{\"@type\":\"ReadAction\",\"target\":[\"https:\\\/\\\/cooldura.com\\\/product\\\/display-flessen-koelkast-1000-liter\\\/\"]}]},{\"@type\":\"ImageObject\",\"inLanguage\":\"fr-FR\",\"@id\":\"https:\\\/\\\/cooldura.com\\\/product\\\/display-flessen-koelkast-1000-liter\\\/#primaryimage\",\"url\":\"https:\\\/\\\/cooldura.com\\\/wp-content\\\/uploads\\\/2023\\\/07\\\/CDC2D_display_cooler_black_web.jpg\",\"contentUrl\":\"https:\\\/\\\/cooldura.com\\\/wp-content\\\/uploads\\\/2023\\\/07\\\/CDC2D_display_cooler_black_web.jpg\",\"width\":1200,\"height\":1200,\"caption\":\"CDC2D Cooldura Displayer Cooler 2-doors product photo\"},{\"@type\":\"BreadcrumbList\",\"@id\":\"https:\\\/\\\/cooldura.com\\\/product\\\/display-flessen-koelkast-1000-liter\\\/#breadcrumb\",\"itemListElement\":[{\"@type\":\"ListItem\",\"position\":1,\"name\":\"Home\",\"item\":\"https:\\\/\\\/cooldura.com\\\/\"},{\"@type\":\"ListItem\",\"position\":2,\"name\":\"Products\",\"item\":\"https:\\\/\\\/cooldura.com\\\/product\\\/\"},{\"@type\":\"ListItem\",\"position\":3,\"name\":\"Display bottle cooler - 949L\"}]},{\"@type\":\"WebSite\",\"@id\":\"https:\\\/\\\/cooldura.com\\\/#website\",\"url\":\"https:\\\/\\\/cooldura.com\\\/\",\"name\":\"Cooldura - Experience Cold Quality\",\"description\":\"Experience Cold Quality\",\"publisher\":{\"@id\":\"https:\\\/\\\/cooldura.com\\\/#organization\"},\"potentialAction\":[{\"@type\":\"SearchAction\",\"target\":{\"@type\":\"EntryPoint\",\"urlTemplate\":\"https:\\\/\\\/cooldura.com\\\/?s={search_term_string}\"},\"query-input\":{\"@type\":\"PropertyValueSpecification\",\"valueRequired\":true,\"valueName\":\"search_term_string\"}}],\"inLanguage\":\"fr-FR\"},{\"@type\":\"Organization\",\"@id\":\"https:\\\/\\\/cooldura.com\\\/#organization\",\"name\":\"Cooldura - Experience Cold Quality\",\"url\":\"https:\\\/\\\/cooldura.com\\\/\",\"logo\":{\"@type\":\"ImageObject\",\"inLanguage\":\"fr-FR\",\"@id\":\"https:\\\/\\\/cooldura.com\\\/#\\\/schema\\\/logo\\\/image\\\/\",\"url\":\"https:\\\/\\\/cooldura.com\\\/wp-content\\\/uploads\\\/2023\\\/07\\\/cooldura-logo.svg\",\"contentUrl\":\"https:\\\/\\\/cooldura.com\\\/wp-content\\\/uploads\\\/2023\\\/07\\\/cooldura-logo.svg\",\"width\":155,\"height\":40,\"caption\":\"Cooldura - Experience Cold Quality\"},\"image\":{\"@id\":\"https:\\\/\\\/cooldura.com\\\/#\\\/schema\\\/logo\\\/image\\\/\"},\"sameAs\":[\"https:\\\/\\\/www.instagram.com\\\/cooldura.official\"]}]}<\/script>\n<!-- \/ Yoast SEO Premium plugin. -->","yoast_head_json":{"title":"Display bottle cooler - 949L - Cooldura","description":"Avec une capacit\u00e9 de 1000 litres, cette vitrine r\u00e9frig\u00e9r\u00e9e est parfaite pour les \u00e9tablissements de restauration et les \u00e9v\u00e9nements. Gr\u00e2ce \u00e0 son ventilateur int\u00e9gr\u00e9, ce r\u00e9frig\u00e9rateur garantit une distribution uniforme de l'air frais et maintient toutes les boissons \u00e0 la bonne temp\u00e9rature \u00e0 tout moment. Offrez \u00e0 vos invit\u00e9s une exp\u00e9rience agr\u00e9able avec cette vitrine r\u00e9frig\u00e9r\u00e9e moderne et efficace avec portes en verre !","robots":{"index":"index","follow":"follow","max-snippet":"max-snippet:-1","max-image-preview":"max-image-preview:large","max-video-preview":"max-video-preview:-1"},"canonical":"https:\/\/cooldura.com\/fr\/product\/display-flessen-koelkast-1000-liter\/","og_locale":"fr_FR","og_type":"article","og_title":"Display bottle cooler - 949L","og_description":"With a capacity of 1000 l, this display fridge is perfect for hospitality facilities and events. Thanks to its built-in ventilator, this refrigerator guarantees an equal spread of cool air and keeps all drinks at the required temperature at all times. Offer your guests a pleasant experience with this modern and efficient bottle fridge with glass door!","og_url":"https:\/\/cooldura.com\/fr\/product\/display-flessen-koelkast-1000-liter\/","og_site_name":"Cooldura","article_modified_time":"2026-03-31T08:33:48+00:00","og_image":[{"width":1200,"height":1200,"url":"https:\/\/cooldura.com\/wp-content\/uploads\/2023\/07\/CDC2D_display_cooler_black_web.jpg","type":"image\/jpeg"}],"twitter_card":"summary_large_image","schema":{"@context":"https:\/\/schema.org","@graph":[{"@type":"WebPage","@id":"https:\/\/cooldura.com\/product\/display-flessen-koelkast-1000-liter\/","url":"https:\/\/cooldura.com\/product\/display-flessen-koelkast-1000-liter\/","name":"Display bottle cooler - 949L - Cooldura","isPartOf":{"@id":"https:\/\/cooldura.com\/#website"},"primaryImageOfPage":{"@id":"https:\/\/cooldura.com\/product\/display-flessen-koelkast-1000-liter\/#primaryimage"},"image":{"@id":"https:\/\/cooldura.com\/product\/display-flessen-koelkast-1000-liter\/#primaryimage"},"thumbnailUrl":"https:\/\/cooldura.com\/wp-content\/uploads\/2023\/07\/CDC2D_display_cooler_black_web.jpg","datePublished":"2023-07-26T08:47:19+00:00","dateModified":"2026-03-31T08:33:48+00:00","description":"Avec une capacit\u00e9 de 1000 litres, cette vitrine r\u00e9frig\u00e9r\u00e9e est parfaite pour les \u00e9tablissements de restauration et les \u00e9v\u00e9nements. Gr\u00e2ce \u00e0 son ventilateur int\u00e9gr\u00e9, ce r\u00e9frig\u00e9rateur garantit une distribution uniforme de l'air frais et maintient toutes les boissons \u00e0 la bonne temp\u00e9rature \u00e0 tout moment. Offrez \u00e0 vos invit\u00e9s une exp\u00e9rience agr\u00e9able avec cette vitrine r\u00e9frig\u00e9r\u00e9e moderne et efficace avec portes en verre !","breadcrumb":{"@id":"https:\/\/cooldura.com\/product\/display-flessen-koelkast-1000-liter\/#breadcrumb"},"inLanguage":"fr-FR","potentialAction":[{"@type":"ReadAction","target":["https:\/\/cooldura.com\/product\/display-flessen-koelkast-1000-liter\/"]}]},{"@type":"ImageObject","inLanguage":"fr-FR","@id":"https:\/\/cooldura.com\/product\/display-flessen-koelkast-1000-liter\/#primaryimage","url":"https:\/\/cooldura.com\/wp-content\/uploads\/2023\/07\/CDC2D_display_cooler_black_web.jpg","contentUrl":"https:\/\/cooldura.com\/wp-content\/uploads\/2023\/07\/CDC2D_display_cooler_black_web.jpg","width":1200,"height":1200,"caption":"CDC2D Cooldura Displayer Cooler 2-doors product photo"},{"@type":"BreadcrumbList","@id":"https:\/\/cooldura.com\/product\/display-flessen-koelkast-1000-liter\/#breadcrumb","itemListElement":[{"@type":"ListItem","position":1,"name":"Home","item":"https:\/\/cooldura.com\/"},{"@type":"ListItem","position":2,"name":"Products","item":"https:\/\/cooldura.com\/product\/"},{"@type":"ListItem","position":3,"name":"Display bottle cooler - 949L"}]},{"@type":"WebSite","@id":"https:\/\/cooldura.com\/#website","url":"https:\/\/cooldura.com\/","name":"Cooldura - Experience Cold Quality","description":"Experience Cold Quality","publisher":{"@id":"https:\/\/cooldura.com\/#organization"},"potentialAction":[{"@type":"SearchAction","target":{"@type":"EntryPoint","urlTemplate":"https:\/\/cooldura.com\/?s={search_term_string}"},"query-input":{"@type":"PropertyValueSpecification","valueRequired":true,"valueName":"search_term_string"}}],"inLanguage":"fr-FR"},{"@type":"Organization","@id":"https:\/\/cooldura.com\/#organization","name":"Cooldura - Experience Cold Quality","url":"https:\/\/cooldura.com\/","logo":{"@type":"ImageObject","inLanguage":"fr-FR","@id":"https:\/\/cooldura.com\/#\/schema\/logo\/image\/","url":"https:\/\/cooldura.com\/wp-content\/uploads\/2023\/07\/cooldura-logo.svg","contentUrl":"https:\/\/cooldura.com\/wp-content\/uploads\/2023\/07\/cooldura-logo.svg","width":155,"height":40,"caption":"Cooldura - Experience Cold Quality"},"image":{"@id":"https:\/\/cooldura.com\/#\/schema\/logo\/image\/"},"sameAs":["https:\/\/www.instagram.com\/cooldura.official"]}]}},"_links":{"self":[{"href":"https:\/\/cooldura.com\/fr\/wp-json\/wp\/v2\/product\/129","targetHints":{"allow":["GET"]}}],"collection":[{"href":"https:\/\/cooldura.com\/fr\/wp-json\/wp\/v2\/product"}],"about":[{"href":"https:\/\/cooldura.com\/fr\/wp-json\/wp\/v2\/types\/product"}],"wp:featuredmedia":[{"embeddable":true,"href":"https:\/\/cooldura.com\/fr\/wp-json\/wp\/v2\/media\/176"}],"wp:attachment":[{"href":"https:\/\/cooldura.com\/fr\/wp-json\/wp\/v2\/media?parent=129"}],"wp:term":[{"taxonomy":"prod_cat","embeddable":true,"href":"https:\/\/cooldura.com\/fr\/wp-json\/wp\/v2\/prod_cat?post=129"}],"curies":[{"name":"wp","href":"https:\/\/api.w.org\/{rel}","templated":true}]}}