{"id":140,"date":"2023-07-26T11:02:56","date_gmt":"2023-07-26T09:02:56","guid":{"rendered":"https:\/\/cooldura.loeihard.dev\/?post_type=product&#038;p=140"},"modified":"2026-03-17T11:57:48","modified_gmt":"2026-03-17T10:57:48","slug":"barkoeling-2-deurs-198-liter","status":"publish","type":"product","link":"https:\/\/cooldura.com\/fr\/product\/barkoeling-2-deurs-198-liter\/","title":{"rendered":"R\u00e9frig\u00e9rateur de bar avec 2 portes vitr\u00e9es - 198 litres"},"content":{"rendered":"<p>Ce r\u00e9frig\u00e9rateur de bar noir \u00e0 2 portes est la solution id\u00e9ale pour une utilisation commerciale, par exemple dans les cantines de clubs sportifs, les restaurants ou autres \u00e9tablissements de restauration. Avec une capacit\u00e9 g\u00e9n\u00e9reuse de 198 litres, vous pouvez stocker beaucoup de boissons et de nourriture. Gr\u00e2ce \u00e0 la m\u00e9thode de refroidissement innovante, vous pouvez toujours compter sur une temp\u00e9rature constante. L'aspect compact et \u00e9l\u00e9gant du r\u00e9frig\u00e9rateur de bar \u00e0 deux portes rend la pr\u00e9sentation des boissons et des aliments encore plus attrayante. Laissez vos invit\u00e9s appr\u00e9cier une boisson rafra\u00eechissante avec ce r\u00e9frig\u00e9rateur de bar fiable et pratique avec portes en verre !<\/p>","protected":false},"featured_media":141,"parent":0,"template":"","prod_cat":[14],"class_list":["post-140","product","type-product","status-publish","has-post-thumbnail","hentry","prod_cat-back-bar-cooler-for-catering-or-hospitality"],"yoast_head":"<!-- This site is optimized with the Yoast SEO Premium plugin v20.11 (Yoast SEO v27.5) - https:\/\/yoast.com\/product\/yoast-seo-premium-wordpress\/ -->\n<title>Back bar cooler 2-doors - 198L - Cooldura<\/title>\n<meta name=\"description\" content=\"This 2-door black bar cooler is the ideal solution for commercial use in sports canteens, restaurants or other hospitality facilities. With a large capacity of 198 l, you can store plenty of drinks and food. Thanks to the innovative cooling method, you can always be sure of a constant temperature. The compact and stylish look of the bar cooler with two doors makes presenting drinks and food even more attractive. Let your guests enjoy a refreshing drink with this reliable and practical bar refrigerator with glass doors!\" \/>\n<meta name=\"robots\" content=\"index, follow, max-snippet:-1, max-image-preview:large, max-video-preview:-1\" \/>\n<link rel=\"canonical\" href=\"https:\/\/cooldura.com\/fr\/product\/barkoeling-2-deurs-198-liter\/\" \/>\n<meta property=\"og:locale\" content=\"fr_FR\" \/>\n<meta property=\"og:type\" content=\"article\" \/>\n<meta property=\"og:title\" content=\"Back bar cooler 2-doors - 198L\" \/>\n<meta property=\"og:description\" content=\"This 2-door black bar cooler is the ideal solution for commercial use in sports canteens, restaurants or other hospitality facilities. With a large capacity of 198 l, you can store plenty of drinks and food. Thanks to the innovative cooling method, you can always be sure of a constant temperature. The compact and stylish look of the bar cooler with two doors makes presenting drinks and food even more attractive. Let your guests enjoy a refreshing drink with this reliable and practical bar refrigerator with glass doors!\" \/>\n<meta property=\"og:url\" content=\"https:\/\/cooldura.com\/fr\/product\/barkoeling-2-deurs-198-liter\/\" \/>\n<meta property=\"og:site_name\" content=\"Cooldura\" \/>\n<meta property=\"article:modified_time\" content=\"2026-03-17T10:57:48+00:00\" \/>\n<meta property=\"og:image\" content=\"https:\/\/cooldura.com\/wp-content\/uploads\/2023\/07\/CBB2D-scaled.jpg\" \/>\n\t<meta property=\"og:image:width\" content=\"2560\" \/>\n\t<meta property=\"og:image:height\" content=\"2560\" \/>\n\t<meta property=\"og:image:type\" content=\"image\/jpeg\" \/>\n<meta name=\"twitter:card\" content=\"summary_large_image\" \/>\n<script type=\"application\/ld+json\" class=\"yoast-schema-graph\">{\"@context\":\"https:\\\/\\\/schema.org\",\"@graph\":[{\"@type\":\"WebPage\",\"@id\":\"https:\\\/\\\/cooldura.com\\\/product\\\/barkoeling-2-deurs-198-liter\\\/\",\"url\":\"https:\\\/\\\/cooldura.com\\\/product\\\/barkoeling-2-deurs-198-liter\\\/\",\"name\":\"Back bar cooler 2-doors - 198L - Cooldura\",\"isPartOf\":{\"@id\":\"https:\\\/\\\/cooldura.com\\\/#website\"},\"primaryImageOfPage\":{\"@id\":\"https:\\\/\\\/cooldura.com\\\/product\\\/barkoeling-2-deurs-198-liter\\\/#primaryimage\"},\"image\":{\"@id\":\"https:\\\/\\\/cooldura.com\\\/product\\\/barkoeling-2-deurs-198-liter\\\/#primaryimage\"},\"thumbnailUrl\":\"https:\\\/\\\/cooldura.com\\\/wp-content\\\/uploads\\\/2023\\\/07\\\/CBB2D-scaled.jpg\",\"datePublished\":\"2023-07-26T09:02:56+00:00\",\"dateModified\":\"2026-03-17T10:57:48+00:00\",\"description\":\"This 2-door black bar cooler is the ideal solution for commercial use in sports canteens, restaurants or other hospitality facilities. With a large capacity of 198 l, you can store plenty of drinks and food. Thanks to the innovative cooling method, you can always be sure of a constant temperature. The compact and stylish look of the bar cooler with two doors makes presenting drinks and food even more attractive. Let your guests enjoy a refreshing drink with this reliable and practical bar refrigerator with glass doors!\",\"breadcrumb\":{\"@id\":\"https:\\\/\\\/cooldura.com\\\/product\\\/barkoeling-2-deurs-198-liter\\\/#breadcrumb\"},\"inLanguage\":\"fr-FR\",\"potentialAction\":[{\"@type\":\"ReadAction\",\"target\":[\"https:\\\/\\\/cooldura.com\\\/product\\\/barkoeling-2-deurs-198-liter\\\/\"]}]},{\"@type\":\"ImageObject\",\"inLanguage\":\"fr-FR\",\"@id\":\"https:\\\/\\\/cooldura.com\\\/product\\\/barkoeling-2-deurs-198-liter\\\/#primaryimage\",\"url\":\"https:\\\/\\\/cooldura.com\\\/wp-content\\\/uploads\\\/2023\\\/07\\\/CBB2D-scaled.jpg\",\"contentUrl\":\"https:\\\/\\\/cooldura.com\\\/wp-content\\\/uploads\\\/2023\\\/07\\\/CBB2D-scaled.jpg\",\"width\":1800,\"height\":1800,\"caption\":\"Cooldura back bar cooler 2-doors CBB2D\"},{\"@type\":\"BreadcrumbList\",\"@id\":\"https:\\\/\\\/cooldura.com\\\/product\\\/barkoeling-2-deurs-198-liter\\\/#breadcrumb\",\"itemListElement\":[{\"@type\":\"ListItem\",\"position\":1,\"name\":\"Home\",\"item\":\"https:\\\/\\\/cooldura.com\\\/\"},{\"@type\":\"ListItem\",\"position\":2,\"name\":\"Products\",\"item\":\"https:\\\/\\\/cooldura.com\\\/product\\\/\"},{\"@type\":\"ListItem\",\"position\":3,\"name\":\"Back bar cooler 2-doors - 198L\"}]},{\"@type\":\"WebSite\",\"@id\":\"https:\\\/\\\/cooldura.com\\\/#website\",\"url\":\"https:\\\/\\\/cooldura.com\\\/\",\"name\":\"Cooldura - Experience Cold Quality\",\"description\":\"Experience Cold Quality\",\"publisher\":{\"@id\":\"https:\\\/\\\/cooldura.com\\\/#organization\"},\"potentialAction\":[{\"@type\":\"SearchAction\",\"target\":{\"@type\":\"EntryPoint\",\"urlTemplate\":\"https:\\\/\\\/cooldura.com\\\/?s={search_term_string}\"},\"query-input\":{\"@type\":\"PropertyValueSpecification\",\"valueRequired\":true,\"valueName\":\"search_term_string\"}}],\"inLanguage\":\"fr-FR\"},{\"@type\":\"Organization\",\"@id\":\"https:\\\/\\\/cooldura.com\\\/#organization\",\"name\":\"Cooldura - Experience Cold Quality\",\"url\":\"https:\\\/\\\/cooldura.com\\\/\",\"logo\":{\"@type\":\"ImageObject\",\"inLanguage\":\"fr-FR\",\"@id\":\"https:\\\/\\\/cooldura.com\\\/#\\\/schema\\\/logo\\\/image\\\/\",\"url\":\"https:\\\/\\\/cooldura.com\\\/wp-content\\\/uploads\\\/2023\\\/07\\\/cooldura-logo.svg\",\"contentUrl\":\"https:\\\/\\\/cooldura.com\\\/wp-content\\\/uploads\\\/2023\\\/07\\\/cooldura-logo.svg\",\"width\":155,\"height\":40,\"caption\":\"Cooldura - Experience Cold Quality\"},\"image\":{\"@id\":\"https:\\\/\\\/cooldura.com\\\/#\\\/schema\\\/logo\\\/image\\\/\"},\"sameAs\":[\"https:\\\/\\\/www.instagram.com\\\/cooldura.official\"]}]}<\/script>\n<!-- \/ Yoast SEO Premium plugin. -->","yoast_head_json":{"title":"Back bar cooler 2-doors - 198L - Cooldura","description":"Ce r\u00e9frig\u00e9rateur de bar noir \u00e0 2 portes est la solution id\u00e9ale pour une utilisation commerciale, par exemple dans les cantines de clubs sportifs, les restaurants ou autres \u00e9tablissements de restauration. Avec une capacit\u00e9 g\u00e9n\u00e9reuse de 198 litres, vous pouvez stocker beaucoup de boissons et de nourriture. Gr\u00e2ce \u00e0 la m\u00e9thode de refroidissement innovante, vous pouvez toujours compter sur une temp\u00e9rature constante. L'aspect compact et \u00e9l\u00e9gant du r\u00e9frig\u00e9rateur de bar \u00e0 deux portes rend la pr\u00e9sentation des boissons et des aliments encore plus attrayante. Laissez vos invit\u00e9s appr\u00e9cier une boisson rafra\u00eechissante avec ce r\u00e9frig\u00e9rateur de bar fiable et pratique avec portes en verre !","robots":{"index":"index","follow":"follow","max-snippet":"max-snippet:-1","max-image-preview":"max-image-preview:large","max-video-preview":"max-video-preview:-1"},"canonical":"https:\/\/cooldura.com\/fr\/product\/barkoeling-2-deurs-198-liter\/","og_locale":"fr_FR","og_type":"article","og_title":"Back bar cooler 2-doors - 198L","og_description":"This 2-door black bar cooler is the ideal solution for commercial use in sports canteens, restaurants or other hospitality facilities. With a large capacity of 198 l, you can store plenty of drinks and food. Thanks to the innovative cooling method, you can always be sure of a constant temperature. The compact and stylish look of the bar cooler with two doors makes presenting drinks and food even more attractive. Let your guests enjoy a refreshing drink with this reliable and practical bar refrigerator with glass doors!","og_url":"https:\/\/cooldura.com\/fr\/product\/barkoeling-2-deurs-198-liter\/","og_site_name":"Cooldura","article_modified_time":"2026-03-17T10:57:48+00:00","og_image":[{"width":2560,"height":2560,"url":"https:\/\/cooldura.com\/wp-content\/uploads\/2023\/07\/CBB2D-scaled.jpg","type":"image\/jpeg"}],"twitter_card":"summary_large_image","schema":{"@context":"https:\/\/schema.org","@graph":[{"@type":"WebPage","@id":"https:\/\/cooldura.com\/product\/barkoeling-2-deurs-198-liter\/","url":"https:\/\/cooldura.com\/product\/barkoeling-2-deurs-198-liter\/","name":"Back bar cooler 2-doors - 198L - Cooldura","isPartOf":{"@id":"https:\/\/cooldura.com\/#website"},"primaryImageOfPage":{"@id":"https:\/\/cooldura.com\/product\/barkoeling-2-deurs-198-liter\/#primaryimage"},"image":{"@id":"https:\/\/cooldura.com\/product\/barkoeling-2-deurs-198-liter\/#primaryimage"},"thumbnailUrl":"https:\/\/cooldura.com\/wp-content\/uploads\/2023\/07\/CBB2D-scaled.jpg","datePublished":"2023-07-26T09:02:56+00:00","dateModified":"2026-03-17T10:57:48+00:00","description":"Ce r\u00e9frig\u00e9rateur de bar noir \u00e0 2 portes est la solution id\u00e9ale pour une utilisation commerciale, par exemple dans les cantines de clubs sportifs, les restaurants ou autres \u00e9tablissements de restauration. Avec une capacit\u00e9 g\u00e9n\u00e9reuse de 198 litres, vous pouvez stocker beaucoup de boissons et de nourriture. Gr\u00e2ce \u00e0 la m\u00e9thode de refroidissement innovante, vous pouvez toujours compter sur une temp\u00e9rature constante. L'aspect compact et \u00e9l\u00e9gant du r\u00e9frig\u00e9rateur de bar \u00e0 deux portes rend la pr\u00e9sentation des boissons et des aliments encore plus attrayante. Laissez vos invit\u00e9s appr\u00e9cier une boisson rafra\u00eechissante avec ce r\u00e9frig\u00e9rateur de bar fiable et pratique avec portes en verre !","breadcrumb":{"@id":"https:\/\/cooldura.com\/product\/barkoeling-2-deurs-198-liter\/#breadcrumb"},"inLanguage":"fr-FR","potentialAction":[{"@type":"ReadAction","target":["https:\/\/cooldura.com\/product\/barkoeling-2-deurs-198-liter\/"]}]},{"@type":"ImageObject","inLanguage":"fr-FR","@id":"https:\/\/cooldura.com\/product\/barkoeling-2-deurs-198-liter\/#primaryimage","url":"https:\/\/cooldura.com\/wp-content\/uploads\/2023\/07\/CBB2D-scaled.jpg","contentUrl":"https:\/\/cooldura.com\/wp-content\/uploads\/2023\/07\/CBB2D-scaled.jpg","width":1800,"height":1800,"caption":"Cooldura back bar cooler 2-doors CBB2D"},{"@type":"BreadcrumbList","@id":"https:\/\/cooldura.com\/product\/barkoeling-2-deurs-198-liter\/#breadcrumb","itemListElement":[{"@type":"ListItem","position":1,"name":"Home","item":"https:\/\/cooldura.com\/"},{"@type":"ListItem","position":2,"name":"Products","item":"https:\/\/cooldura.com\/product\/"},{"@type":"ListItem","position":3,"name":"Back bar cooler 2-doors - 198L"}]},{"@type":"WebSite","@id":"https:\/\/cooldura.com\/#website","url":"https:\/\/cooldura.com\/","name":"Cooldura - Experience Cold Quality","description":"Experience Cold Quality","publisher":{"@id":"https:\/\/cooldura.com\/#organization"},"potentialAction":[{"@type":"SearchAction","target":{"@type":"EntryPoint","urlTemplate":"https:\/\/cooldura.com\/?s={search_term_string}"},"query-input":{"@type":"PropertyValueSpecification","valueRequired":true,"valueName":"search_term_string"}}],"inLanguage":"fr-FR"},{"@type":"Organization","@id":"https:\/\/cooldura.com\/#organization","name":"Cooldura - Experience Cold Quality","url":"https:\/\/cooldura.com\/","logo":{"@type":"ImageObject","inLanguage":"fr-FR","@id":"https:\/\/cooldura.com\/#\/schema\/logo\/image\/","url":"https:\/\/cooldura.com\/wp-content\/uploads\/2023\/07\/cooldura-logo.svg","contentUrl":"https:\/\/cooldura.com\/wp-content\/uploads\/2023\/07\/cooldura-logo.svg","width":155,"height":40,"caption":"Cooldura - Experience Cold Quality"},"image":{"@id":"https:\/\/cooldura.com\/#\/schema\/logo\/image\/"},"sameAs":["https:\/\/www.instagram.com\/cooldura.official"]}]}},"_links":{"self":[{"href":"https:\/\/cooldura.com\/fr\/wp-json\/wp\/v2\/product\/140","targetHints":{"allow":["GET"]}}],"collection":[{"href":"https:\/\/cooldura.com\/fr\/wp-json\/wp\/v2\/product"}],"about":[{"href":"https:\/\/cooldura.com\/fr\/wp-json\/wp\/v2\/types\/product"}],"wp:featuredmedia":[{"embeddable":true,"href":"https:\/\/cooldura.com\/fr\/wp-json\/wp\/v2\/media\/141"}],"wp:attachment":[{"href":"https:\/\/cooldura.com\/fr\/wp-json\/wp\/v2\/media?parent=140"}],"wp:term":[{"taxonomy":"prod_cat","embeddable":true,"href":"https:\/\/cooldura.com\/fr\/wp-json\/wp\/v2\/prod_cat?post=140"}],"curies":[{"name":"wp","href":"https:\/\/api.w.org\/{rel}","templated":true}]}}