{"id":148,"date":"2023-07-26T11:08:45","date_gmt":"2023-07-26T09:08:45","guid":{"rendered":"https:\/\/cooldura.loeihard.dev\/?post_type=product&#038;p=148"},"modified":"2026-03-17T11:59:10","modified_gmt":"2026-03-17T10:59:10","slug":"barkoeling-3-deurs-320-liter","status":"publish","type":"product","link":"https:\/\/cooldura.com\/fr\/product\/barkoeling-3-deurs-320-liter\/","title":{"rendered":"R\u00e9frig\u00e9rateur de bar avec 3 portes vitr\u00e9es - 320 litres"},"content":{"rendered":"<p>Ce r\u00e9frig\u00e9rateur de bar noir \u00e0 3 portes est la solution id\u00e9ale pour une utilisation commerciale, par exemple dans les cantines de clubs sportifs, les restaurants ou autres \u00e9tablissements de restauration. Avec une capacit\u00e9 royale de 320 litres, vous pouvez stocker une grande quantit\u00e9 de boissons et de nourriture. Gr\u00e2ce \u00e0 la technologie de r\u00e9frig\u00e9ration avanc\u00e9e, vous pouvez toujours compter sur une temp\u00e9rature constante. L'aspect compact et \u00e9l\u00e9gant de ce r\u00e9frig\u00e9rateur de bar \u00e0 trois portes rend la pr\u00e9sentation des boissons et des aliments encore plus attrayante. Que la f\u00eate commence !<\/p>","protected":false},"featured_media":149,"parent":0,"template":"","prod_cat":[14],"class_list":["post-148","product","type-product","status-publish","has-post-thumbnail","hentry","prod_cat-back-bar-cooler-for-catering-or-hospitality"],"yoast_head":"<!-- This site is optimized with the Yoast SEO Premium plugin v20.11 (Yoast SEO v27.4) - https:\/\/yoast.com\/product\/yoast-seo-premium-wordpress\/ -->\n<title>Back bar cooler 3-doors - 320L - Cooldura<\/title>\n<meta name=\"description\" content=\"This 3-door black bar cooler is the ultimate solution for commercial use in sports canteens, restaurants or other hospitality facilities. With a large capacity of 320 l, you can store more than enough drinks and food. Thanks to the high-performance refrigeration technology, you can always be sure of a consistent temperature. The compact and stylish look of this three-door bar refrigerator makes presenting drinks and food even more attractive. Let the party begin!\" \/>\n<meta name=\"robots\" content=\"index, follow, max-snippet:-1, max-image-preview:large, max-video-preview:-1\" \/>\n<link rel=\"canonical\" href=\"https:\/\/cooldura.com\/fr\/product\/barkoeling-3-deurs-320-liter\/\" \/>\n<meta property=\"og:locale\" content=\"fr_FR\" \/>\n<meta property=\"og:type\" content=\"article\" \/>\n<meta property=\"og:title\" content=\"Back bar cooler 3-doors - 320L\" \/>\n<meta property=\"og:description\" content=\"This 3-door black bar cooler is the ultimate solution for commercial use in sports canteens, restaurants or other hospitality facilities. With a large capacity of 320 l, you can store more than enough drinks and food. Thanks to the high-performance refrigeration technology, you can always be sure of a consistent temperature. The compact and stylish look of this three-door bar refrigerator makes presenting drinks and food even more attractive. Let the party begin!\" \/>\n<meta property=\"og:url\" content=\"https:\/\/cooldura.com\/fr\/product\/barkoeling-3-deurs-320-liter\/\" \/>\n<meta property=\"og:site_name\" content=\"Cooldura\" \/>\n<meta property=\"article:modified_time\" content=\"2026-03-17T10:59:10+00:00\" \/>\n<meta property=\"og:image\" content=\"https:\/\/cooldura.com\/wp-content\/uploads\/2023\/07\/CBB3D-scaled.jpg\" \/>\n\t<meta property=\"og:image:width\" content=\"2560\" \/>\n\t<meta property=\"og:image:height\" content=\"2560\" \/>\n\t<meta property=\"og:image:type\" content=\"image\/jpeg\" \/>\n<meta name=\"twitter:card\" content=\"summary_large_image\" \/>\n<script type=\"application\/ld+json\" class=\"yoast-schema-graph\">{\"@context\":\"https:\\\/\\\/schema.org\",\"@graph\":[{\"@type\":\"WebPage\",\"@id\":\"https:\\\/\\\/cooldura.com\\\/product\\\/barkoeling-3-deurs-320-liter\\\/\",\"url\":\"https:\\\/\\\/cooldura.com\\\/product\\\/barkoeling-3-deurs-320-liter\\\/\",\"name\":\"Back bar cooler 3-doors - 320L - Cooldura\",\"isPartOf\":{\"@id\":\"https:\\\/\\\/cooldura.com\\\/#website\"},\"primaryImageOfPage\":{\"@id\":\"https:\\\/\\\/cooldura.com\\\/product\\\/barkoeling-3-deurs-320-liter\\\/#primaryimage\"},\"image\":{\"@id\":\"https:\\\/\\\/cooldura.com\\\/product\\\/barkoeling-3-deurs-320-liter\\\/#primaryimage\"},\"thumbnailUrl\":\"https:\\\/\\\/cooldura.com\\\/wp-content\\\/uploads\\\/2023\\\/07\\\/CBB3D-scaled.jpg\",\"datePublished\":\"2023-07-26T09:08:45+00:00\",\"dateModified\":\"2026-03-17T10:59:10+00:00\",\"description\":\"This 3-door black bar cooler is the ultimate solution for commercial use in sports canteens, restaurants or other hospitality facilities. With a large capacity of 320 l, you can store more than enough drinks and food. Thanks to the high-performance refrigeration technology, you can always be sure of a consistent temperature. The compact and stylish look of this three-door bar refrigerator makes presenting drinks and food even more attractive. Let the party begin!\",\"breadcrumb\":{\"@id\":\"https:\\\/\\\/cooldura.com\\\/product\\\/barkoeling-3-deurs-320-liter\\\/#breadcrumb\"},\"inLanguage\":\"fr-FR\",\"potentialAction\":[{\"@type\":\"ReadAction\",\"target\":[\"https:\\\/\\\/cooldura.com\\\/product\\\/barkoeling-3-deurs-320-liter\\\/\"]}]},{\"@type\":\"ImageObject\",\"inLanguage\":\"fr-FR\",\"@id\":\"https:\\\/\\\/cooldura.com\\\/product\\\/barkoeling-3-deurs-320-liter\\\/#primaryimage\",\"url\":\"https:\\\/\\\/cooldura.com\\\/wp-content\\\/uploads\\\/2023\\\/07\\\/CBB3D-scaled.jpg\",\"contentUrl\":\"https:\\\/\\\/cooldura.com\\\/wp-content\\\/uploads\\\/2023\\\/07\\\/CBB3D-scaled.jpg\",\"width\":2560,\"height\":2560,\"caption\":\"Cooldura 3-doors Back bar cooler product photo\"},{\"@type\":\"BreadcrumbList\",\"@id\":\"https:\\\/\\\/cooldura.com\\\/product\\\/barkoeling-3-deurs-320-liter\\\/#breadcrumb\",\"itemListElement\":[{\"@type\":\"ListItem\",\"position\":1,\"name\":\"Home\",\"item\":\"https:\\\/\\\/cooldura.com\\\/\"},{\"@type\":\"ListItem\",\"position\":2,\"name\":\"Products\",\"item\":\"https:\\\/\\\/cooldura.com\\\/product\\\/\"},{\"@type\":\"ListItem\",\"position\":3,\"name\":\"Back bar cooler 3-doors - 320L\"}]},{\"@type\":\"WebSite\",\"@id\":\"https:\\\/\\\/cooldura.com\\\/#website\",\"url\":\"https:\\\/\\\/cooldura.com\\\/\",\"name\":\"Cooldura - Experience Cold Quality\",\"description\":\"Experience Cold Quality\",\"publisher\":{\"@id\":\"https:\\\/\\\/cooldura.com\\\/#organization\"},\"potentialAction\":[{\"@type\":\"SearchAction\",\"target\":{\"@type\":\"EntryPoint\",\"urlTemplate\":\"https:\\\/\\\/cooldura.com\\\/?s={search_term_string}\"},\"query-input\":{\"@type\":\"PropertyValueSpecification\",\"valueRequired\":true,\"valueName\":\"search_term_string\"}}],\"inLanguage\":\"fr-FR\"},{\"@type\":\"Organization\",\"@id\":\"https:\\\/\\\/cooldura.com\\\/#organization\",\"name\":\"Cooldura - Experience Cold Quality\",\"url\":\"https:\\\/\\\/cooldura.com\\\/\",\"logo\":{\"@type\":\"ImageObject\",\"inLanguage\":\"fr-FR\",\"@id\":\"https:\\\/\\\/cooldura.com\\\/#\\\/schema\\\/logo\\\/image\\\/\",\"url\":\"https:\\\/\\\/cooldura.com\\\/wp-content\\\/uploads\\\/2023\\\/07\\\/cooldura-logo.svg\",\"contentUrl\":\"https:\\\/\\\/cooldura.com\\\/wp-content\\\/uploads\\\/2023\\\/07\\\/cooldura-logo.svg\",\"width\":155,\"height\":40,\"caption\":\"Cooldura - Experience Cold Quality\"},\"image\":{\"@id\":\"https:\\\/\\\/cooldura.com\\\/#\\\/schema\\\/logo\\\/image\\\/\"},\"sameAs\":[\"https:\\\/\\\/www.instagram.com\\\/cooldura.official\"]}]}<\/script>\n<!-- \/ Yoast SEO Premium plugin. -->","yoast_head_json":{"title":"Back bar cooler 3-doors - 320L - Cooldura","description":"Ce r\u00e9frig\u00e9rateur de bar noir \u00e0 3 portes est la solution id\u00e9ale pour une utilisation commerciale, par exemple dans les cantines de clubs sportifs, les restaurants ou autres \u00e9tablissements de restauration. Avec une capacit\u00e9 royale de 320 litres, vous pouvez stocker une grande quantit\u00e9 de boissons et de nourriture. Gr\u00e2ce \u00e0 la technologie de r\u00e9frig\u00e9ration avanc\u00e9e, vous pouvez toujours compter sur une temp\u00e9rature constante. L'aspect compact et \u00e9l\u00e9gant de ce r\u00e9frig\u00e9rateur de bar \u00e0 trois portes rend la pr\u00e9sentation des boissons et des aliments encore plus attrayante. Que la f\u00eate commence !","robots":{"index":"index","follow":"follow","max-snippet":"max-snippet:-1","max-image-preview":"max-image-preview:large","max-video-preview":"max-video-preview:-1"},"canonical":"https:\/\/cooldura.com\/fr\/product\/barkoeling-3-deurs-320-liter\/","og_locale":"fr_FR","og_type":"article","og_title":"Back bar cooler 3-doors - 320L","og_description":"This 3-door black bar cooler is the ultimate solution for commercial use in sports canteens, restaurants or other hospitality facilities. With a large capacity of 320 l, you can store more than enough drinks and food. Thanks to the high-performance refrigeration technology, you can always be sure of a consistent temperature. The compact and stylish look of this three-door bar refrigerator makes presenting drinks and food even more attractive. Let the party begin!","og_url":"https:\/\/cooldura.com\/fr\/product\/barkoeling-3-deurs-320-liter\/","og_site_name":"Cooldura","article_modified_time":"2026-03-17T10:59:10+00:00","og_image":[{"width":2560,"height":2560,"url":"https:\/\/cooldura.com\/wp-content\/uploads\/2023\/07\/CBB3D-scaled.jpg","type":"image\/jpeg"}],"twitter_card":"summary_large_image","schema":{"@context":"https:\/\/schema.org","@graph":[{"@type":"WebPage","@id":"https:\/\/cooldura.com\/product\/barkoeling-3-deurs-320-liter\/","url":"https:\/\/cooldura.com\/product\/barkoeling-3-deurs-320-liter\/","name":"Back bar cooler 3-doors - 320L - Cooldura","isPartOf":{"@id":"https:\/\/cooldura.com\/#website"},"primaryImageOfPage":{"@id":"https:\/\/cooldura.com\/product\/barkoeling-3-deurs-320-liter\/#primaryimage"},"image":{"@id":"https:\/\/cooldura.com\/product\/barkoeling-3-deurs-320-liter\/#primaryimage"},"thumbnailUrl":"https:\/\/cooldura.com\/wp-content\/uploads\/2023\/07\/CBB3D-scaled.jpg","datePublished":"2023-07-26T09:08:45+00:00","dateModified":"2026-03-17T10:59:10+00:00","description":"Ce r\u00e9frig\u00e9rateur de bar noir \u00e0 3 portes est la solution id\u00e9ale pour une utilisation commerciale, par exemple dans les cantines de clubs sportifs, les restaurants ou autres \u00e9tablissements de restauration. Avec une capacit\u00e9 royale de 320 litres, vous pouvez stocker une grande quantit\u00e9 de boissons et de nourriture. Gr\u00e2ce \u00e0 la technologie de r\u00e9frig\u00e9ration avanc\u00e9e, vous pouvez toujours compter sur une temp\u00e9rature constante. L'aspect compact et \u00e9l\u00e9gant de ce r\u00e9frig\u00e9rateur de bar \u00e0 trois portes rend la pr\u00e9sentation des boissons et des aliments encore plus attrayante. Que la f\u00eate commence !","breadcrumb":{"@id":"https:\/\/cooldura.com\/product\/barkoeling-3-deurs-320-liter\/#breadcrumb"},"inLanguage":"fr-FR","potentialAction":[{"@type":"ReadAction","target":["https:\/\/cooldura.com\/product\/barkoeling-3-deurs-320-liter\/"]}]},{"@type":"ImageObject","inLanguage":"fr-FR","@id":"https:\/\/cooldura.com\/product\/barkoeling-3-deurs-320-liter\/#primaryimage","url":"https:\/\/cooldura.com\/wp-content\/uploads\/2023\/07\/CBB3D-scaled.jpg","contentUrl":"https:\/\/cooldura.com\/wp-content\/uploads\/2023\/07\/CBB3D-scaled.jpg","width":2560,"height":2560,"caption":"Cooldura 3-doors Back bar cooler product photo"},{"@type":"BreadcrumbList","@id":"https:\/\/cooldura.com\/product\/barkoeling-3-deurs-320-liter\/#breadcrumb","itemListElement":[{"@type":"ListItem","position":1,"name":"Home","item":"https:\/\/cooldura.com\/"},{"@type":"ListItem","position":2,"name":"Products","item":"https:\/\/cooldura.com\/product\/"},{"@type":"ListItem","position":3,"name":"Back bar cooler 3-doors - 320L"}]},{"@type":"WebSite","@id":"https:\/\/cooldura.com\/#website","url":"https:\/\/cooldura.com\/","name":"Cooldura - Experience Cold Quality","description":"Experience Cold Quality","publisher":{"@id":"https:\/\/cooldura.com\/#organization"},"potentialAction":[{"@type":"SearchAction","target":{"@type":"EntryPoint","urlTemplate":"https:\/\/cooldura.com\/?s={search_term_string}"},"query-input":{"@type":"PropertyValueSpecification","valueRequired":true,"valueName":"search_term_string"}}],"inLanguage":"fr-FR"},{"@type":"Organization","@id":"https:\/\/cooldura.com\/#organization","name":"Cooldura - Experience Cold Quality","url":"https:\/\/cooldura.com\/","logo":{"@type":"ImageObject","inLanguage":"fr-FR","@id":"https:\/\/cooldura.com\/#\/schema\/logo\/image\/","url":"https:\/\/cooldura.com\/wp-content\/uploads\/2023\/07\/cooldura-logo.svg","contentUrl":"https:\/\/cooldura.com\/wp-content\/uploads\/2023\/07\/cooldura-logo.svg","width":155,"height":40,"caption":"Cooldura - Experience Cold Quality"},"image":{"@id":"https:\/\/cooldura.com\/#\/schema\/logo\/image\/"},"sameAs":["https:\/\/www.instagram.com\/cooldura.official"]}]}},"_links":{"self":[{"href":"https:\/\/cooldura.com\/fr\/wp-json\/wp\/v2\/product\/148","targetHints":{"allow":["GET"]}}],"collection":[{"href":"https:\/\/cooldura.com\/fr\/wp-json\/wp\/v2\/product"}],"about":[{"href":"https:\/\/cooldura.com\/fr\/wp-json\/wp\/v2\/types\/product"}],"wp:featuredmedia":[{"embeddable":true,"href":"https:\/\/cooldura.com\/fr\/wp-json\/wp\/v2\/media\/149"}],"wp:attachment":[{"href":"https:\/\/cooldura.com\/fr\/wp-json\/wp\/v2\/media?parent=148"}],"wp:term":[{"taxonomy":"prod_cat","embeddable":true,"href":"https:\/\/cooldura.com\/fr\/wp-json\/wp\/v2\/prod_cat?post=148"}],"curies":[{"name":"wp","href":"https:\/\/api.w.org\/{rel}","templated":true}]}}