{"id":154,"date":"2026-01-26T11:15:00","date_gmt":"2026-01-26T10:15:00","guid":{"rendered":"https:\/\/cooldura.loeihard.dev\/?post_type=product&#038;p=154"},"modified":"2026-03-31T10:35:16","modified_gmt":"2026-03-31T08:35:16","slug":"trolley-display-koelkast","status":"publish","type":"product","link":"https:\/\/cooldura.com\/fr\/product\/trolley-display-koelkast\/","title":{"rendered":"Chariot pour r\u00e9frig\u00e9rateur avec porte vitr\u00e9e"},"content":{"rendered":"<p>Transport, stockage et efficacit\u00e9. C'est la raison d'\u00eatre du chariot de transport pour r\u00e9frig\u00e9rateurs TTR01.  Ce chariot de couleur argent\u00e9e pour les r\u00e9frig\u00e9rateurs S3BC-I vous lib\u00e8re de tous vos soucis. Avec ce chariot, une personne seule peut d\u00e9placer ou ranger les r\u00e9frig\u00e9rateurs sans probl\u00e8me, simplement et s\u00fbrement. Il n\u2019y a pas plus efficace !<\/p>\n\n\n\n<p><\/p>","protected":false},"featured_media":303,"parent":0,"template":"","prod_cat":[13],"class_list":["post-154","product","type-product","status-publish","has-post-thumbnail","hentry","prod_cat-trolley-for-refrigerators"],"yoast_head":"<!-- This site is optimized with the Yoast SEO Premium plugin v20.11 (Yoast SEO v27.3) - https:\/\/yoast.com\/product\/yoast-seo-premium-wordpress\/ -->\n<title>Trolley for S3BC-I Refrigerators - Cooldura<\/title>\n<meta name=\"description\" content=\"Transport, storage and efficiency. That&#039;s what the TTR01 refrigerator transport trolley is all about. This silver coloured trolley for S3BC-I refrigerators takes all your worries away. With this trolley, a single person can easily and safely move or store refrigerators. It couldn&#039;t be any more efficient!\" \/>\n<meta name=\"robots\" content=\"index, follow, max-snippet:-1, max-image-preview:large, max-video-preview:-1\" \/>\n<link rel=\"canonical\" href=\"https:\/\/cooldura.com\/fr\/product\/trolley-display-koelkast\/\" \/>\n<meta property=\"og:locale\" content=\"fr_FR\" \/>\n<meta property=\"og:type\" content=\"article\" \/>\n<meta property=\"og:title\" content=\"Trolley for S3BC-I Refrigerators\" \/>\n<meta property=\"og:description\" content=\"Transport, storage and efficiency. That&#039;s what the TTR01 refrigerator transport trolley is all about. This silver coloured trolley for S3BC-I refrigerators takes all your worries away. With this trolley, a single person can easily and safely move or store refrigerators. It couldn&#039;t be any more efficient!\" \/>\n<meta property=\"og:url\" content=\"https:\/\/cooldura.com\/fr\/product\/trolley-display-koelkast\/\" \/>\n<meta property=\"og:site_name\" content=\"Cooldura\" \/>\n<meta property=\"article:modified_time\" content=\"2026-03-31T08:35:16+00:00\" \/>\n<meta property=\"og:image\" content=\"https:\/\/cooldura.com\/wp-content\/uploads\/2025\/09\/TTR01_trolley_for_S3BC-I_1.jpg\" \/>\n\t<meta property=\"og:image:width\" content=\"2500\" \/>\n\t<meta property=\"og:image:height\" content=\"2500\" \/>\n\t<meta property=\"og:image:type\" content=\"image\/jpeg\" \/>\n<meta name=\"twitter:card\" content=\"summary_large_image\" \/>\n<script type=\"application\/ld+json\" class=\"yoast-schema-graph\">{\"@context\":\"https:\\\/\\\/schema.org\",\"@graph\":[{\"@type\":\"WebPage\",\"@id\":\"https:\\\/\\\/cooldura.com\\\/product\\\/trolley-display-koelkast\\\/\",\"url\":\"https:\\\/\\\/cooldura.com\\\/product\\\/trolley-display-koelkast\\\/\",\"name\":\"Trolley for S3BC-I Refrigerators - Cooldura\",\"isPartOf\":{\"@id\":\"https:\\\/\\\/cooldura.com\\\/#website\"},\"primaryImageOfPage\":{\"@id\":\"https:\\\/\\\/cooldura.com\\\/product\\\/trolley-display-koelkast\\\/#primaryimage\"},\"image\":{\"@id\":\"https:\\\/\\\/cooldura.com\\\/product\\\/trolley-display-koelkast\\\/#primaryimage\"},\"thumbnailUrl\":\"https:\\\/\\\/cooldura.com\\\/wp-content\\\/uploads\\\/2025\\\/09\\\/TTR01_trolley_for_S3BC-I_1.jpg\",\"datePublished\":\"2026-01-26T10:15:00+00:00\",\"dateModified\":\"2026-03-31T08:35:16+00:00\",\"description\":\"Transport, storage and efficiency. That's what the TTR01 refrigerator transport trolley is all about. This silver coloured trolley for S3BC-I refrigerators takes all your worries away. With this trolley, a single person can easily and safely move or store refrigerators. It couldn't be any more efficient!\",\"breadcrumb\":{\"@id\":\"https:\\\/\\\/cooldura.com\\\/product\\\/trolley-display-koelkast\\\/#breadcrumb\"},\"inLanguage\":\"fr-FR\",\"potentialAction\":[{\"@type\":\"ReadAction\",\"target\":[\"https:\\\/\\\/cooldura.com\\\/product\\\/trolley-display-koelkast\\\/\"]}]},{\"@type\":\"ImageObject\",\"inLanguage\":\"fr-FR\",\"@id\":\"https:\\\/\\\/cooldura.com\\\/product\\\/trolley-display-koelkast\\\/#primaryimage\",\"url\":\"https:\\\/\\\/cooldura.com\\\/wp-content\\\/uploads\\\/2025\\\/09\\\/TTR01_trolley_for_S3BC-I_1.jpg\",\"contentUrl\":\"https:\\\/\\\/cooldura.com\\\/wp-content\\\/uploads\\\/2025\\\/09\\\/TTR01_trolley_for_S3BC-I_1.jpg\",\"width\":2500,\"height\":2500},{\"@type\":\"BreadcrumbList\",\"@id\":\"https:\\\/\\\/cooldura.com\\\/product\\\/trolley-display-koelkast\\\/#breadcrumb\",\"itemListElement\":[{\"@type\":\"ListItem\",\"position\":1,\"name\":\"Home\",\"item\":\"https:\\\/\\\/cooldura.com\\\/\"},{\"@type\":\"ListItem\",\"position\":2,\"name\":\"Products\",\"item\":\"https:\\\/\\\/cooldura.com\\\/product\\\/\"},{\"@type\":\"ListItem\",\"position\":3,\"name\":\"Trolley for S3BC-I Refrigerators\"}]},{\"@type\":\"WebSite\",\"@id\":\"https:\\\/\\\/cooldura.com\\\/#website\",\"url\":\"https:\\\/\\\/cooldura.com\\\/\",\"name\":\"Cooldura - Experience Cold Quality\",\"description\":\"Experience Cold Quality\",\"publisher\":{\"@id\":\"https:\\\/\\\/cooldura.com\\\/#organization\"},\"potentialAction\":[{\"@type\":\"SearchAction\",\"target\":{\"@type\":\"EntryPoint\",\"urlTemplate\":\"https:\\\/\\\/cooldura.com\\\/?s={search_term_string}\"},\"query-input\":{\"@type\":\"PropertyValueSpecification\",\"valueRequired\":true,\"valueName\":\"search_term_string\"}}],\"inLanguage\":\"fr-FR\"},{\"@type\":\"Organization\",\"@id\":\"https:\\\/\\\/cooldura.com\\\/#organization\",\"name\":\"Cooldura - Experience Cold Quality\",\"url\":\"https:\\\/\\\/cooldura.com\\\/\",\"logo\":{\"@type\":\"ImageObject\",\"inLanguage\":\"fr-FR\",\"@id\":\"https:\\\/\\\/cooldura.com\\\/#\\\/schema\\\/logo\\\/image\\\/\",\"url\":\"https:\\\/\\\/cooldura.com\\\/wp-content\\\/uploads\\\/2023\\\/07\\\/cooldura-logo.svg\",\"contentUrl\":\"https:\\\/\\\/cooldura.com\\\/wp-content\\\/uploads\\\/2023\\\/07\\\/cooldura-logo.svg\",\"width\":155,\"height\":40,\"caption\":\"Cooldura - Experience Cold Quality\"},\"image\":{\"@id\":\"https:\\\/\\\/cooldura.com\\\/#\\\/schema\\\/logo\\\/image\\\/\"},\"sameAs\":[\"https:\\\/\\\/www.instagram.com\\\/cooldura.official\"]}]}<\/script>\n<!-- \/ Yoast SEO Premium plugin. -->","yoast_head_json":{"title":"Trolley for S3BC-I Refrigerators - Cooldura","description":"Transport, stockage et efficacit\u00e9. C'est la raison d'\u00eatre du chariot de transport pour r\u00e9frig\u00e9rateurs TTR01.  Ce chariot de couleur argent\u00e9e pour les r\u00e9frig\u00e9rateurs S3BC-I vous lib\u00e8re de tous vos soucis. Avec ce chariot, une personne seule peut d\u00e9placer ou ranger les r\u00e9frig\u00e9rateurs sans probl\u00e8me, simplement et s\u00fbrement. Il n\u2019y a pas plus efficace !","robots":{"index":"index","follow":"follow","max-snippet":"max-snippet:-1","max-image-preview":"max-image-preview:large","max-video-preview":"max-video-preview:-1"},"canonical":"https:\/\/cooldura.com\/fr\/product\/trolley-display-koelkast\/","og_locale":"fr_FR","og_type":"article","og_title":"Trolley for S3BC-I Refrigerators","og_description":"Transport, storage and efficiency. That's what the TTR01 refrigerator transport trolley is all about. This silver coloured trolley for S3BC-I refrigerators takes all your worries away. With this trolley, a single person can easily and safely move or store refrigerators. It couldn't be any more efficient!","og_url":"https:\/\/cooldura.com\/fr\/product\/trolley-display-koelkast\/","og_site_name":"Cooldura","article_modified_time":"2026-03-31T08:35:16+00:00","og_image":[{"width":2500,"height":2500,"url":"https:\/\/cooldura.com\/wp-content\/uploads\/2025\/09\/TTR01_trolley_for_S3BC-I_1.jpg","type":"image\/jpeg"}],"twitter_card":"summary_large_image","schema":{"@context":"https:\/\/schema.org","@graph":[{"@type":"WebPage","@id":"https:\/\/cooldura.com\/product\/trolley-display-koelkast\/","url":"https:\/\/cooldura.com\/product\/trolley-display-koelkast\/","name":"Trolley for S3BC-I Refrigerators - Cooldura","isPartOf":{"@id":"https:\/\/cooldura.com\/#website"},"primaryImageOfPage":{"@id":"https:\/\/cooldura.com\/product\/trolley-display-koelkast\/#primaryimage"},"image":{"@id":"https:\/\/cooldura.com\/product\/trolley-display-koelkast\/#primaryimage"},"thumbnailUrl":"https:\/\/cooldura.com\/wp-content\/uploads\/2025\/09\/TTR01_trolley_for_S3BC-I_1.jpg","datePublished":"2026-01-26T10:15:00+00:00","dateModified":"2026-03-31T08:35:16+00:00","description":"Transport, stockage et efficacit\u00e9. C'est la raison d'\u00eatre du chariot de transport pour r\u00e9frig\u00e9rateurs TTR01.  Ce chariot de couleur argent\u00e9e pour les r\u00e9frig\u00e9rateurs S3BC-I vous lib\u00e8re de tous vos soucis. Avec ce chariot, une personne seule peut d\u00e9placer ou ranger les r\u00e9frig\u00e9rateurs sans probl\u00e8me, simplement et s\u00fbrement. Il n\u2019y a pas plus efficace !","breadcrumb":{"@id":"https:\/\/cooldura.com\/product\/trolley-display-koelkast\/#breadcrumb"},"inLanguage":"fr-FR","potentialAction":[{"@type":"ReadAction","target":["https:\/\/cooldura.com\/product\/trolley-display-koelkast\/"]}]},{"@type":"ImageObject","inLanguage":"fr-FR","@id":"https:\/\/cooldura.com\/product\/trolley-display-koelkast\/#primaryimage","url":"https:\/\/cooldura.com\/wp-content\/uploads\/2025\/09\/TTR01_trolley_for_S3BC-I_1.jpg","contentUrl":"https:\/\/cooldura.com\/wp-content\/uploads\/2025\/09\/TTR01_trolley_for_S3BC-I_1.jpg","width":2500,"height":2500},{"@type":"BreadcrumbList","@id":"https:\/\/cooldura.com\/product\/trolley-display-koelkast\/#breadcrumb","itemListElement":[{"@type":"ListItem","position":1,"name":"Home","item":"https:\/\/cooldura.com\/"},{"@type":"ListItem","position":2,"name":"Products","item":"https:\/\/cooldura.com\/product\/"},{"@type":"ListItem","position":3,"name":"Trolley for S3BC-I Refrigerators"}]},{"@type":"WebSite","@id":"https:\/\/cooldura.com\/#website","url":"https:\/\/cooldura.com\/","name":"Cooldura - Experience Cold Quality","description":"Experience Cold Quality","publisher":{"@id":"https:\/\/cooldura.com\/#organization"},"potentialAction":[{"@type":"SearchAction","target":{"@type":"EntryPoint","urlTemplate":"https:\/\/cooldura.com\/?s={search_term_string}"},"query-input":{"@type":"PropertyValueSpecification","valueRequired":true,"valueName":"search_term_string"}}],"inLanguage":"fr-FR"},{"@type":"Organization","@id":"https:\/\/cooldura.com\/#organization","name":"Cooldura - Experience Cold Quality","url":"https:\/\/cooldura.com\/","logo":{"@type":"ImageObject","inLanguage":"fr-FR","@id":"https:\/\/cooldura.com\/#\/schema\/logo\/image\/","url":"https:\/\/cooldura.com\/wp-content\/uploads\/2023\/07\/cooldura-logo.svg","contentUrl":"https:\/\/cooldura.com\/wp-content\/uploads\/2023\/07\/cooldura-logo.svg","width":155,"height":40,"caption":"Cooldura - Experience Cold Quality"},"image":{"@id":"https:\/\/cooldura.com\/#\/schema\/logo\/image\/"},"sameAs":["https:\/\/www.instagram.com\/cooldura.official"]}]}},"_links":{"self":[{"href":"https:\/\/cooldura.com\/fr\/wp-json\/wp\/v2\/product\/154","targetHints":{"allow":["GET"]}}],"collection":[{"href":"https:\/\/cooldura.com\/fr\/wp-json\/wp\/v2\/product"}],"about":[{"href":"https:\/\/cooldura.com\/fr\/wp-json\/wp\/v2\/types\/product"}],"wp:featuredmedia":[{"embeddable":true,"href":"https:\/\/cooldura.com\/fr\/wp-json\/wp\/v2\/media\/303"}],"wp:attachment":[{"href":"https:\/\/cooldura.com\/fr\/wp-json\/wp\/v2\/media?parent=154"}],"wp:term":[{"taxonomy":"prod_cat","embeddable":true,"href":"https:\/\/cooldura.com\/fr\/wp-json\/wp\/v2\/prod_cat?post=154"}],"curies":[{"name":"wp","href":"https:\/\/api.w.org\/{rel}","templated":true}]}}