{"id":321,"date":"2026-03-13T12:28:52","date_gmt":"2026-03-13T11:28:52","guid":{"rendered":"https:\/\/cooldura.com\/?post_type=product&#038;p=321"},"modified":"2026-03-31T10:20:12","modified_gmt":"2026-03-31T08:20:12","slug":"cdc1db-display-cooler-1doors-black","status":"publish","type":"product","link":"https:\/\/cooldura.com\/fr\/product\/cdc1db-display-cooler-1doors-black\/","title":{"rendered":"R\u00e9frig\u00e9rateur vitrine 1 porte - 352 l - Noir"},"content":{"rendered":"<p>Le r\u00e9frig\u00e9rateur vitr\u00e9 CDC1DB est con\u00e7u pour un usage professionnel dans les bars, le secteur de l'h\u00f4tellerie-restauration et les cantines, o\u00f9 une r\u00e9frig\u00e9ration fiable et une pr\u00e9sentation soign\u00e9e des produits sont essentielles. Avec une capacit\u00e9 brute de 352 litres, ce r\u00e9frig\u00e9rateur offre un vaste espace de rangement pour les bouteilles et les canettes. Gr\u00e2ce \u00e0 la r\u00e9frig\u00e9ration par ventilateur, l'air froid est distribu\u00e9 rapidement et uniform\u00e9ment dans tout l'appareil, garantissant ainsi que les boissons restent parfaitement fra\u00eeches dans l'ensemble du r\u00e9frig\u00e9rateur. Cela assure une temp\u00e9rature stable et une bonne r\u00e9partition de la temp\u00e9rature, m\u00eame lorsque la porte est ouverte r\u00e9guli\u00e8rement. La porte vitr\u00e9e garantit \u00e9galement une pr\u00e9sentation claire et attrayante du contenu. Cela fait du CDC1DB une solution pratique et fiable pour les environnements professionnels o\u00f9 des boissons fra\u00eeches doivent toujours \u00eatre imm\u00e9diatement disponibles.<\/p>","protected":false},"featured_media":313,"parent":0,"template":"","prod_cat":[15],"class_list":["post-321","product","type-product","status-publish","has-post-thumbnail","hentry","prod_cat-glass-door-refrigerators-coolers"],"yoast_head":"<!-- This site is optimized with the Yoast SEO Premium plugin v20.11 (Yoast SEO v27.3) - https:\/\/yoast.com\/product\/yoast-seo-premium-wordpress\/ -->\n<title>Display cooler 1-doors - 352L - Black - Cooldura<\/title>\n<meta name=\"description\" content=\"The CDC1DB display cooler is designed for professional use in bars, the hospitality industry and canteens where reliable cooling and neat product presentation are essential. With a gross capacity of 352 litres, this fridge offers ample storage space for bottles and cans. Thanks to fan-assisted cooling, cold air is distributed quickly and evenly throughout the unit, ensuring that drinks remain optimally chilled throughout the fridge. This ensures a stable temperature and good temperature distribution, even when the door is opened regularly. The glass door also ensures a clear and attractive presentation of the contents. This makes the CDC1DB a practical and reliable solution for professional environments where chilled drinks must always be immediately available.\" \/>\n<meta name=\"robots\" content=\"index, follow, max-snippet:-1, max-image-preview:large, max-video-preview:-1\" \/>\n<link rel=\"canonical\" href=\"https:\/\/cooldura.com\/fr\/product\/cdc1db-display-cooler-1doors-black\/\" \/>\n<meta property=\"og:locale\" content=\"fr_FR\" \/>\n<meta property=\"og:type\" content=\"article\" \/>\n<meta property=\"og:title\" content=\"Display cooler 1-doors - 352L - Black\" \/>\n<meta property=\"og:description\" content=\"The CDC1DB display cooler is designed for professional use in bars, the hospitality industry and canteens where reliable cooling and neat product presentation are essential. With a gross capacity of 352 litres, this fridge offers ample storage space for bottles and cans. Thanks to fan-assisted cooling, cold air is distributed quickly and evenly throughout the unit, ensuring that drinks remain optimally chilled throughout the fridge. This ensures a stable temperature and good temperature distribution, even when the door is opened regularly. The glass door also ensures a clear and attractive presentation of the contents. This makes the CDC1DB a practical and reliable solution for professional environments where chilled drinks must always be immediately available.\" \/>\n<meta property=\"og:url\" content=\"https:\/\/cooldura.com\/fr\/product\/cdc1db-display-cooler-1doors-black\/\" \/>\n<meta property=\"og:site_name\" content=\"Cooldura\" \/>\n<meta property=\"article:modified_time\" content=\"2026-03-31T08:20:12+00:00\" \/>\n<meta property=\"og:image\" content=\"https:\/\/cooldura.com\/wp-content\/uploads\/2026\/03\/CDC1DB-display-cooler-black-1.webp\" \/>\n\t<meta property=\"og:image:width\" content=\"2500\" \/>\n\t<meta property=\"og:image:height\" content=\"2500\" \/>\n\t<meta property=\"og:image:type\" content=\"image\/webp\" \/>\n<meta name=\"twitter:card\" content=\"summary_large_image\" \/>\n<script type=\"application\/ld+json\" class=\"yoast-schema-graph\">{\"@context\":\"https:\\\/\\\/schema.org\",\"@graph\":[{\"@type\":\"WebPage\",\"@id\":\"https:\\\/\\\/cooldura.com\\\/product\\\/cdc1db-display-cooler-1doors-black\\\/\",\"url\":\"https:\\\/\\\/cooldura.com\\\/product\\\/cdc1db-display-cooler-1doors-black\\\/\",\"name\":\"Display cooler 1-doors - 352L - Black - Cooldura\",\"isPartOf\":{\"@id\":\"https:\\\/\\\/cooldura.com\\\/#website\"},\"primaryImageOfPage\":{\"@id\":\"https:\\\/\\\/cooldura.com\\\/product\\\/cdc1db-display-cooler-1doors-black\\\/#primaryimage\"},\"image\":{\"@id\":\"https:\\\/\\\/cooldura.com\\\/product\\\/cdc1db-display-cooler-1doors-black\\\/#primaryimage\"},\"thumbnailUrl\":\"https:\\\/\\\/cooldura.com\\\/wp-content\\\/uploads\\\/2026\\\/03\\\/CDC1DB-display-cooler-black-1.webp\",\"datePublished\":\"2026-03-13T11:28:52+00:00\",\"dateModified\":\"2026-03-31T08:20:12+00:00\",\"description\":\"The CDC1DB display cooler is designed for professional use in bars, the hospitality industry and canteens where reliable cooling and neat product presentation are essential. With a gross capacity of 352 litres, this fridge offers ample storage space for bottles and cans. Thanks to fan-assisted cooling, cold air is distributed quickly and evenly throughout the unit, ensuring that drinks remain optimally chilled throughout the fridge. This ensures a stable temperature and good temperature distribution, even when the door is opened regularly. The glass door also ensures a clear and attractive presentation of the contents. This makes the CDC1DB a practical and reliable solution for professional environments where chilled drinks must always be immediately available.\",\"breadcrumb\":{\"@id\":\"https:\\\/\\\/cooldura.com\\\/product\\\/cdc1db-display-cooler-1doors-black\\\/#breadcrumb\"},\"inLanguage\":\"fr-FR\",\"potentialAction\":[{\"@type\":\"ReadAction\",\"target\":[\"https:\\\/\\\/cooldura.com\\\/product\\\/cdc1db-display-cooler-1doors-black\\\/\"]}]},{\"@type\":\"ImageObject\",\"inLanguage\":\"fr-FR\",\"@id\":\"https:\\\/\\\/cooldura.com\\\/product\\\/cdc1db-display-cooler-1doors-black\\\/#primaryimage\",\"url\":\"https:\\\/\\\/cooldura.com\\\/wp-content\\\/uploads\\\/2026\\\/03\\\/CDC1DB-display-cooler-black-1.webp\",\"contentUrl\":\"https:\\\/\\\/cooldura.com\\\/wp-content\\\/uploads\\\/2026\\\/03\\\/CDC1DB-display-cooler-black-1.webp\",\"width\":2500,\"height\":2500},{\"@type\":\"BreadcrumbList\",\"@id\":\"https:\\\/\\\/cooldura.com\\\/product\\\/cdc1db-display-cooler-1doors-black\\\/#breadcrumb\",\"itemListElement\":[{\"@type\":\"ListItem\",\"position\":1,\"name\":\"Home\",\"item\":\"https:\\\/\\\/cooldura.com\\\/\"},{\"@type\":\"ListItem\",\"position\":2,\"name\":\"Products\",\"item\":\"https:\\\/\\\/cooldura.com\\\/product\\\/\"},{\"@type\":\"ListItem\",\"position\":3,\"name\":\"Display cooler 1-doors - 352L - Black\"}]},{\"@type\":\"WebSite\",\"@id\":\"https:\\\/\\\/cooldura.com\\\/#website\",\"url\":\"https:\\\/\\\/cooldura.com\\\/\",\"name\":\"Cooldura - Experience Cold Quality\",\"description\":\"Experience Cold Quality\",\"publisher\":{\"@id\":\"https:\\\/\\\/cooldura.com\\\/#organization\"},\"potentialAction\":[{\"@type\":\"SearchAction\",\"target\":{\"@type\":\"EntryPoint\",\"urlTemplate\":\"https:\\\/\\\/cooldura.com\\\/?s={search_term_string}\"},\"query-input\":{\"@type\":\"PropertyValueSpecification\",\"valueRequired\":true,\"valueName\":\"search_term_string\"}}],\"inLanguage\":\"fr-FR\"},{\"@type\":\"Organization\",\"@id\":\"https:\\\/\\\/cooldura.com\\\/#organization\",\"name\":\"Cooldura - Experience Cold Quality\",\"url\":\"https:\\\/\\\/cooldura.com\\\/\",\"logo\":{\"@type\":\"ImageObject\",\"inLanguage\":\"fr-FR\",\"@id\":\"https:\\\/\\\/cooldura.com\\\/#\\\/schema\\\/logo\\\/image\\\/\",\"url\":\"https:\\\/\\\/cooldura.com\\\/wp-content\\\/uploads\\\/2023\\\/07\\\/cooldura-logo.svg\",\"contentUrl\":\"https:\\\/\\\/cooldura.com\\\/wp-content\\\/uploads\\\/2023\\\/07\\\/cooldura-logo.svg\",\"width\":155,\"height\":40,\"caption\":\"Cooldura - Experience Cold Quality\"},\"image\":{\"@id\":\"https:\\\/\\\/cooldura.com\\\/#\\\/schema\\\/logo\\\/image\\\/\"},\"sameAs\":[\"https:\\\/\\\/www.instagram.com\\\/cooldura.official\"]}]}<\/script>\n<!-- \/ Yoast SEO Premium plugin. -->","yoast_head_json":{"title":"Display cooler 1-doors - 352L - Black - Cooldura","description":"Le r\u00e9frig\u00e9rateur vitr\u00e9 CDC1DB est con\u00e7u pour un usage professionnel dans les bars, le secteur de l'h\u00f4tellerie-restauration et les cantines, o\u00f9 une r\u00e9frig\u00e9ration fiable et une pr\u00e9sentation soign\u00e9e des produits sont essentielles. Avec une capacit\u00e9 brute de 352 litres, ce r\u00e9frig\u00e9rateur offre un vaste espace de rangement pour les bouteilles et les canettes. Gr\u00e2ce \u00e0 la r\u00e9frig\u00e9ration par ventilateur, l'air froid est distribu\u00e9 rapidement et uniform\u00e9ment dans tout l'appareil, garantissant ainsi que les boissons restent parfaitement fra\u00eeches dans l'ensemble du r\u00e9frig\u00e9rateur. Cela assure une temp\u00e9rature stable et une bonne r\u00e9partition de la temp\u00e9rature, m\u00eame lorsque la porte est ouverte r\u00e9guli\u00e8rement. La porte vitr\u00e9e garantit \u00e9galement une pr\u00e9sentation claire et attrayante du contenu. Cela fait du CDC1DB une solution pratique et fiable pour les environnements professionnels o\u00f9 des boissons fra\u00eeches doivent toujours \u00eatre imm\u00e9diatement disponibles.","robots":{"index":"index","follow":"follow","max-snippet":"max-snippet:-1","max-image-preview":"max-image-preview:large","max-video-preview":"max-video-preview:-1"},"canonical":"https:\/\/cooldura.com\/fr\/product\/cdc1db-display-cooler-1doors-black\/","og_locale":"fr_FR","og_type":"article","og_title":"Display cooler 1-doors - 352L - Black","og_description":"The CDC1DB display cooler is designed for professional use in bars, the hospitality industry and canteens where reliable cooling and neat product presentation are essential. With a gross capacity of 352 litres, this fridge offers ample storage space for bottles and cans. Thanks to fan-assisted cooling, cold air is distributed quickly and evenly throughout the unit, ensuring that drinks remain optimally chilled throughout the fridge. This ensures a stable temperature and good temperature distribution, even when the door is opened regularly. The glass door also ensures a clear and attractive presentation of the contents. This makes the CDC1DB a practical and reliable solution for professional environments where chilled drinks must always be immediately available.","og_url":"https:\/\/cooldura.com\/fr\/product\/cdc1db-display-cooler-1doors-black\/","og_site_name":"Cooldura","article_modified_time":"2026-03-31T08:20:12+00:00","og_image":[{"width":2500,"height":2500,"url":"https:\/\/cooldura.com\/wp-content\/uploads\/2026\/03\/CDC1DB-display-cooler-black-1.webp","type":"image\/webp"}],"twitter_card":"summary_large_image","schema":{"@context":"https:\/\/schema.org","@graph":[{"@type":"WebPage","@id":"https:\/\/cooldura.com\/product\/cdc1db-display-cooler-1doors-black\/","url":"https:\/\/cooldura.com\/product\/cdc1db-display-cooler-1doors-black\/","name":"Display cooler 1-doors - 352L - Black - Cooldura","isPartOf":{"@id":"https:\/\/cooldura.com\/#website"},"primaryImageOfPage":{"@id":"https:\/\/cooldura.com\/product\/cdc1db-display-cooler-1doors-black\/#primaryimage"},"image":{"@id":"https:\/\/cooldura.com\/product\/cdc1db-display-cooler-1doors-black\/#primaryimage"},"thumbnailUrl":"https:\/\/cooldura.com\/wp-content\/uploads\/2026\/03\/CDC1DB-display-cooler-black-1.webp","datePublished":"2026-03-13T11:28:52+00:00","dateModified":"2026-03-31T08:20:12+00:00","description":"Le r\u00e9frig\u00e9rateur vitr\u00e9 CDC1DB est con\u00e7u pour un usage professionnel dans les bars, le secteur de l'h\u00f4tellerie-restauration et les cantines, o\u00f9 une r\u00e9frig\u00e9ration fiable et une pr\u00e9sentation soign\u00e9e des produits sont essentielles. Avec une capacit\u00e9 brute de 352 litres, ce r\u00e9frig\u00e9rateur offre un vaste espace de rangement pour les bouteilles et les canettes. Gr\u00e2ce \u00e0 la r\u00e9frig\u00e9ration par ventilateur, l'air froid est distribu\u00e9 rapidement et uniform\u00e9ment dans tout l'appareil, garantissant ainsi que les boissons restent parfaitement fra\u00eeches dans l'ensemble du r\u00e9frig\u00e9rateur. Cela assure une temp\u00e9rature stable et une bonne r\u00e9partition de la temp\u00e9rature, m\u00eame lorsque la porte est ouverte r\u00e9guli\u00e8rement. La porte vitr\u00e9e garantit \u00e9galement une pr\u00e9sentation claire et attrayante du contenu. Cela fait du CDC1DB une solution pratique et fiable pour les environnements professionnels o\u00f9 des boissons fra\u00eeches doivent toujours \u00eatre imm\u00e9diatement disponibles.","breadcrumb":{"@id":"https:\/\/cooldura.com\/product\/cdc1db-display-cooler-1doors-black\/#breadcrumb"},"inLanguage":"fr-FR","potentialAction":[{"@type":"ReadAction","target":["https:\/\/cooldura.com\/product\/cdc1db-display-cooler-1doors-black\/"]}]},{"@type":"ImageObject","inLanguage":"fr-FR","@id":"https:\/\/cooldura.com\/product\/cdc1db-display-cooler-1doors-black\/#primaryimage","url":"https:\/\/cooldura.com\/wp-content\/uploads\/2026\/03\/CDC1DB-display-cooler-black-1.webp","contentUrl":"https:\/\/cooldura.com\/wp-content\/uploads\/2026\/03\/CDC1DB-display-cooler-black-1.webp","width":2500,"height":2500},{"@type":"BreadcrumbList","@id":"https:\/\/cooldura.com\/product\/cdc1db-display-cooler-1doors-black\/#breadcrumb","itemListElement":[{"@type":"ListItem","position":1,"name":"Home","item":"https:\/\/cooldura.com\/"},{"@type":"ListItem","position":2,"name":"Products","item":"https:\/\/cooldura.com\/product\/"},{"@type":"ListItem","position":3,"name":"Display cooler 1-doors - 352L - Black"}]},{"@type":"WebSite","@id":"https:\/\/cooldura.com\/#website","url":"https:\/\/cooldura.com\/","name":"Cooldura - Experience Cold Quality","description":"Experience Cold Quality","publisher":{"@id":"https:\/\/cooldura.com\/#organization"},"potentialAction":[{"@type":"SearchAction","target":{"@type":"EntryPoint","urlTemplate":"https:\/\/cooldura.com\/?s={search_term_string}"},"query-input":{"@type":"PropertyValueSpecification","valueRequired":true,"valueName":"search_term_string"}}],"inLanguage":"fr-FR"},{"@type":"Organization","@id":"https:\/\/cooldura.com\/#organization","name":"Cooldura - Experience Cold Quality","url":"https:\/\/cooldura.com\/","logo":{"@type":"ImageObject","inLanguage":"fr-FR","@id":"https:\/\/cooldura.com\/#\/schema\/logo\/image\/","url":"https:\/\/cooldura.com\/wp-content\/uploads\/2023\/07\/cooldura-logo.svg","contentUrl":"https:\/\/cooldura.com\/wp-content\/uploads\/2023\/07\/cooldura-logo.svg","width":155,"height":40,"caption":"Cooldura - Experience Cold Quality"},"image":{"@id":"https:\/\/cooldura.com\/#\/schema\/logo\/image\/"},"sameAs":["https:\/\/www.instagram.com\/cooldura.official"]}]}},"_links":{"self":[{"href":"https:\/\/cooldura.com\/fr\/wp-json\/wp\/v2\/product\/321","targetHints":{"allow":["GET"]}}],"collection":[{"href":"https:\/\/cooldura.com\/fr\/wp-json\/wp\/v2\/product"}],"about":[{"href":"https:\/\/cooldura.com\/fr\/wp-json\/wp\/v2\/types\/product"}],"wp:featuredmedia":[{"embeddable":true,"href":"https:\/\/cooldura.com\/fr\/wp-json\/wp\/v2\/media\/313"}],"wp:attachment":[{"href":"https:\/\/cooldura.com\/fr\/wp-json\/wp\/v2\/media?parent=321"}],"wp:term":[{"taxonomy":"prod_cat","embeddable":true,"href":"https:\/\/cooldura.com\/fr\/wp-json\/wp\/v2\/prod_cat?post=321"}],"curies":[{"name":"wp","href":"https:\/\/api.w.org\/{rel}","templated":true}]}}