{"id":157,"date":"2023-07-26T11:21:08","date_gmt":"2023-07-26T09:21:08","guid":{"rendered":"https:\/\/cooldura.loeihard.dev\/?post_type=product&#038;p=157"},"modified":"2026-03-31T10:35:05","modified_gmt":"2026-03-31T08:35:05","slug":"trolley-koelkist","status":"publish","type":"product","link":"https:\/\/cooldura.com\/nl\/product\/trolley-koelkist\/","title":{"rendered":"Trolley voor S3M-I kist"},"content":{"rendered":"<p>Transport, opslag en effici\u00ebntie. Dat is waar de TTR03 trolley voor de S3M-I koelkisten voor staat. Deze zilverkleurige trolley voor koelkisten neemt alle zorgen uit handen. Met deze trolley kan iemand zelfstandig op een eenvoudige en veilige manier meerdere koelkisten in \u00e9\u00e9n keer verplaatsen of opslaan. Effici\u00ebnter kan het niet!<\/p>","protected":false},"featured_media":304,"parent":0,"template":"","prod_cat":[13],"class_list":["post-157","product","type-product","status-publish","has-post-thumbnail","hentry","prod_cat-trolley-for-refrigerators"],"yoast_head":"<!-- This site is optimized with the Yoast SEO Premium plugin v20.11 (Yoast SEO v27.3) - https:\/\/yoast.com\/product\/yoast-seo-premium-wordpress\/ -->\n<title>Trolley for S3M-I Chest - Cooldura<\/title>\n<meta name=\"description\" content=\"Transport, storage and efficiency. That&#039;s what the TTR03 trolley for S3M-I chest coolers stands for. This silver coloured trolley takes all your worries away. With this trolley, a single person can easily and safely move or storage several refrigerated crates at once. It couldn&#039;t be any more efficient!\" \/>\n<meta name=\"robots\" content=\"index, follow, max-snippet:-1, max-image-preview:large, max-video-preview:-1\" \/>\n<link rel=\"canonical\" href=\"https:\/\/cooldura.com\/nl\/product\/trolley-koelkist\/\" \/>\n<meta property=\"og:locale\" content=\"nl_NL\" \/>\n<meta property=\"og:type\" content=\"article\" \/>\n<meta property=\"og:title\" content=\"Trolley for S3M-I Chest\" \/>\n<meta property=\"og:description\" content=\"Transport, storage and efficiency. That&#039;s what the TTR03 trolley for S3M-I chest coolers stands for. This silver coloured trolley takes all your worries away. With this trolley, a single person can easily and safely move or storage several refrigerated crates at once. It couldn&#039;t be any more efficient!\" \/>\n<meta property=\"og:url\" content=\"https:\/\/cooldura.com\/nl\/product\/trolley-koelkist\/\" \/>\n<meta property=\"og:site_name\" content=\"Cooldura\" \/>\n<meta property=\"article:modified_time\" content=\"2026-03-31T08:35:05+00:00\" \/>\n<meta property=\"og:image\" content=\"https:\/\/cooldura.com\/wp-content\/uploads\/2023\/07\/TTR03_trolley_for_chest_coolers_cooldura_1.jpg\" \/>\n\t<meta property=\"og:image:width\" content=\"2500\" \/>\n\t<meta property=\"og:image:height\" content=\"2500\" \/>\n\t<meta property=\"og:image:type\" content=\"image\/jpeg\" \/>\n<meta name=\"twitter:card\" content=\"summary_large_image\" \/>\n<script type=\"application\/ld+json\" class=\"yoast-schema-graph\">{\"@context\":\"https:\\\/\\\/schema.org\",\"@graph\":[{\"@type\":\"WebPage\",\"@id\":\"https:\\\/\\\/cooldura.com\\\/product\\\/trolley-koelkist\\\/\",\"url\":\"https:\\\/\\\/cooldura.com\\\/product\\\/trolley-koelkist\\\/\",\"name\":\"Trolley for S3M-I Chest - Cooldura\",\"isPartOf\":{\"@id\":\"https:\\\/\\\/cooldura.com\\\/#website\"},\"primaryImageOfPage\":{\"@id\":\"https:\\\/\\\/cooldura.com\\\/product\\\/trolley-koelkist\\\/#primaryimage\"},\"image\":{\"@id\":\"https:\\\/\\\/cooldura.com\\\/product\\\/trolley-koelkist\\\/#primaryimage\"},\"thumbnailUrl\":\"https:\\\/\\\/cooldura.com\\\/wp-content\\\/uploads\\\/2023\\\/07\\\/TTR03_trolley_for_chest_coolers_cooldura_1.jpg\",\"datePublished\":\"2023-07-26T09:21:08+00:00\",\"dateModified\":\"2026-03-31T08:35:05+00:00\",\"description\":\"Transport, storage and efficiency. That's what the TTR03 trolley for S3M-I chest coolers stands for. This silver coloured trolley takes all your worries away. With this trolley, a single person can easily and safely move or storage several refrigerated crates at once. It couldn't be any more efficient!\",\"breadcrumb\":{\"@id\":\"https:\\\/\\\/cooldura.com\\\/product\\\/trolley-koelkist\\\/#breadcrumb\"},\"inLanguage\":\"nl-NL\",\"potentialAction\":[{\"@type\":\"ReadAction\",\"target\":[\"https:\\\/\\\/cooldura.com\\\/product\\\/trolley-koelkist\\\/\"]}]},{\"@type\":\"ImageObject\",\"inLanguage\":\"nl-NL\",\"@id\":\"https:\\\/\\\/cooldura.com\\\/product\\\/trolley-koelkist\\\/#primaryimage\",\"url\":\"https:\\\/\\\/cooldura.com\\\/wp-content\\\/uploads\\\/2023\\\/07\\\/TTR03_trolley_for_chest_coolers_cooldura_1.jpg\",\"contentUrl\":\"https:\\\/\\\/cooldura.com\\\/wp-content\\\/uploads\\\/2023\\\/07\\\/TTR03_trolley_for_chest_coolers_cooldura_1.jpg\",\"width\":2500,\"height\":2500},{\"@type\":\"BreadcrumbList\",\"@id\":\"https:\\\/\\\/cooldura.com\\\/product\\\/trolley-koelkist\\\/#breadcrumb\",\"itemListElement\":[{\"@type\":\"ListItem\",\"position\":1,\"name\":\"Home\",\"item\":\"https:\\\/\\\/cooldura.com\\\/\"},{\"@type\":\"ListItem\",\"position\":2,\"name\":\"Products\",\"item\":\"https:\\\/\\\/cooldura.com\\\/product\\\/\"},{\"@type\":\"ListItem\",\"position\":3,\"name\":\"Trolley for S3M-I Chest\"}]},{\"@type\":\"WebSite\",\"@id\":\"https:\\\/\\\/cooldura.com\\\/#website\",\"url\":\"https:\\\/\\\/cooldura.com\\\/\",\"name\":\"Cooldura - Experience Cold Quality\",\"description\":\"Experience Cold Quality\",\"publisher\":{\"@id\":\"https:\\\/\\\/cooldura.com\\\/#organization\"},\"potentialAction\":[{\"@type\":\"SearchAction\",\"target\":{\"@type\":\"EntryPoint\",\"urlTemplate\":\"https:\\\/\\\/cooldura.com\\\/?s={search_term_string}\"},\"query-input\":{\"@type\":\"PropertyValueSpecification\",\"valueRequired\":true,\"valueName\":\"search_term_string\"}}],\"inLanguage\":\"nl-NL\"},{\"@type\":\"Organization\",\"@id\":\"https:\\\/\\\/cooldura.com\\\/#organization\",\"name\":\"Cooldura - Experience Cold Quality\",\"url\":\"https:\\\/\\\/cooldura.com\\\/\",\"logo\":{\"@type\":\"ImageObject\",\"inLanguage\":\"nl-NL\",\"@id\":\"https:\\\/\\\/cooldura.com\\\/#\\\/schema\\\/logo\\\/image\\\/\",\"url\":\"https:\\\/\\\/cooldura.com\\\/wp-content\\\/uploads\\\/2023\\\/07\\\/cooldura-logo.svg\",\"contentUrl\":\"https:\\\/\\\/cooldura.com\\\/wp-content\\\/uploads\\\/2023\\\/07\\\/cooldura-logo.svg\",\"width\":155,\"height\":40,\"caption\":\"Cooldura - Experience Cold Quality\"},\"image\":{\"@id\":\"https:\\\/\\\/cooldura.com\\\/#\\\/schema\\\/logo\\\/image\\\/\"},\"sameAs\":[\"https:\\\/\\\/www.instagram.com\\\/cooldura.official\"]}]}<\/script>\n<!-- \/ Yoast SEO Premium plugin. -->","yoast_head_json":{"title":"Trolley for S3M-I Chest - Cooldura","description":"Transport, opslag en effici\u00ebntie. Dat is waar de TTR03 trolley voor de S3M-I koelkisten voor staat. Deze zilverkleurige trolley voor koelkisten neemt alle zorgen uit handen. Met deze trolley kan iemand zelfstandig op een eenvoudige en veilige manier meerdere koelkisten in \u00e9\u00e9n keer verplaatsen of opslaan. Effici\u00ebnter kan het niet!","robots":{"index":"index","follow":"follow","max-snippet":"max-snippet:-1","max-image-preview":"max-image-preview:large","max-video-preview":"max-video-preview:-1"},"canonical":"https:\/\/cooldura.com\/nl\/product\/trolley-koelkist\/","og_locale":"nl_NL","og_type":"article","og_title":"Trolley for S3M-I Chest","og_description":"Transport, storage and efficiency. That's what the TTR03 trolley for S3M-I chest coolers stands for. This silver coloured trolley takes all your worries away. With this trolley, a single person can easily and safely move or storage several refrigerated crates at once. It couldn't be any more efficient!","og_url":"https:\/\/cooldura.com\/nl\/product\/trolley-koelkist\/","og_site_name":"Cooldura","article_modified_time":"2026-03-31T08:35:05+00:00","og_image":[{"width":2500,"height":2500,"url":"https:\/\/cooldura.com\/wp-content\/uploads\/2023\/07\/TTR03_trolley_for_chest_coolers_cooldura_1.jpg","type":"image\/jpeg"}],"twitter_card":"summary_large_image","schema":{"@context":"https:\/\/schema.org","@graph":[{"@type":"WebPage","@id":"https:\/\/cooldura.com\/product\/trolley-koelkist\/","url":"https:\/\/cooldura.com\/product\/trolley-koelkist\/","name":"Trolley for S3M-I Chest - Cooldura","isPartOf":{"@id":"https:\/\/cooldura.com\/#website"},"primaryImageOfPage":{"@id":"https:\/\/cooldura.com\/product\/trolley-koelkist\/#primaryimage"},"image":{"@id":"https:\/\/cooldura.com\/product\/trolley-koelkist\/#primaryimage"},"thumbnailUrl":"https:\/\/cooldura.com\/wp-content\/uploads\/2023\/07\/TTR03_trolley_for_chest_coolers_cooldura_1.jpg","datePublished":"2023-07-26T09:21:08+00:00","dateModified":"2026-03-31T08:35:05+00:00","description":"Transport, opslag en effici\u00ebntie. Dat is waar de TTR03 trolley voor de S3M-I koelkisten voor staat. Deze zilverkleurige trolley voor koelkisten neemt alle zorgen uit handen. Met deze trolley kan iemand zelfstandig op een eenvoudige en veilige manier meerdere koelkisten in \u00e9\u00e9n keer verplaatsen of opslaan. Effici\u00ebnter kan het niet!","breadcrumb":{"@id":"https:\/\/cooldura.com\/product\/trolley-koelkist\/#breadcrumb"},"inLanguage":"nl-NL","potentialAction":[{"@type":"ReadAction","target":["https:\/\/cooldura.com\/product\/trolley-koelkist\/"]}]},{"@type":"ImageObject","inLanguage":"nl-NL","@id":"https:\/\/cooldura.com\/product\/trolley-koelkist\/#primaryimage","url":"https:\/\/cooldura.com\/wp-content\/uploads\/2023\/07\/TTR03_trolley_for_chest_coolers_cooldura_1.jpg","contentUrl":"https:\/\/cooldura.com\/wp-content\/uploads\/2023\/07\/TTR03_trolley_for_chest_coolers_cooldura_1.jpg","width":2500,"height":2500},{"@type":"BreadcrumbList","@id":"https:\/\/cooldura.com\/product\/trolley-koelkist\/#breadcrumb","itemListElement":[{"@type":"ListItem","position":1,"name":"Home","item":"https:\/\/cooldura.com\/"},{"@type":"ListItem","position":2,"name":"Products","item":"https:\/\/cooldura.com\/product\/"},{"@type":"ListItem","position":3,"name":"Trolley for S3M-I Chest"}]},{"@type":"WebSite","@id":"https:\/\/cooldura.com\/#website","url":"https:\/\/cooldura.com\/","name":"Cooldura - Experience Cold Quality","description":"Experience Cold Quality","publisher":{"@id":"https:\/\/cooldura.com\/#organization"},"potentialAction":[{"@type":"SearchAction","target":{"@type":"EntryPoint","urlTemplate":"https:\/\/cooldura.com\/?s={search_term_string}"},"query-input":{"@type":"PropertyValueSpecification","valueRequired":true,"valueName":"search_term_string"}}],"inLanguage":"nl-NL"},{"@type":"Organization","@id":"https:\/\/cooldura.com\/#organization","name":"Cooldura - Experience Cold Quality","url":"https:\/\/cooldura.com\/","logo":{"@type":"ImageObject","inLanguage":"nl-NL","@id":"https:\/\/cooldura.com\/#\/schema\/logo\/image\/","url":"https:\/\/cooldura.com\/wp-content\/uploads\/2023\/07\/cooldura-logo.svg","contentUrl":"https:\/\/cooldura.com\/wp-content\/uploads\/2023\/07\/cooldura-logo.svg","width":155,"height":40,"caption":"Cooldura - Experience Cold Quality"},"image":{"@id":"https:\/\/cooldura.com\/#\/schema\/logo\/image\/"},"sameAs":["https:\/\/www.instagram.com\/cooldura.official"]}]}},"_links":{"self":[{"href":"https:\/\/cooldura.com\/nl\/wp-json\/wp\/v2\/product\/157","targetHints":{"allow":["GET"]}}],"collection":[{"href":"https:\/\/cooldura.com\/nl\/wp-json\/wp\/v2\/product"}],"about":[{"href":"https:\/\/cooldura.com\/nl\/wp-json\/wp\/v2\/types\/product"}],"wp:featuredmedia":[{"embeddable":true,"href":"https:\/\/cooldura.com\/nl\/wp-json\/wp\/v2\/media\/304"}],"wp:attachment":[{"href":"https:\/\/cooldura.com\/nl\/wp-json\/wp\/v2\/media?parent=157"}],"wp:term":[{"taxonomy":"prod_cat","embeddable":true,"href":"https:\/\/cooldura.com\/nl\/wp-json\/wp\/v2\/prod_cat?post=157"}],"curies":[{"name":"wp","href":"https:\/\/api.w.org\/{rel}","templated":true}]}}